{"id":121,"date":"2014-07-04T21:53:58","date_gmt":"2014-07-04T21:53:58","guid":{"rendered":"http:\/\/cms2.bos-scheyern.de\/?page_id=121"},"modified":"2024-03-19T13:54:30","modified_gmt":"2024-03-19T12:54:30","slug":"kontakt","status":"publish","type":"page","link":"https:\/\/bos-scheyern.de\/bo\/?page_id=121","title":{"rendered":"Kontakt"},"content":{"rendered":"<p style=\"text-align: left;\"><strong>Adresse:<\/strong><\/p>\n<p>Berufliche Oberschule Scheyern<br \/>\nSchyrenplatz 1<br \/>\n85298 Scheyern<\/p>\n<p>Tel.: 08441\/89 09-0<br \/>\nFax: 08441\/89 09-10<\/p>\n<p>E-Mail: sekretariat@fosbos-scheyern.de<\/p>\n<p><strong>Anfahrt und Parkm\u00f6glichkeiten:<\/strong><\/p>\n<p><a href=\"https:\/\/bos-scheyern.de\/bo\/wp-content\/uploads\/2024\/01\/Anfahrt-und-Parken-an-der-FOSBOS-Scheyern.pdf\">Anfahrt und \u00dcbersicht \u00fcber die Parkpl\u00e4tze<\/a><\/p>\n<p><strong>\u00a0<\/strong><\/p>\n<figure id=\"attachment_2931\" aria-describedby=\"caption-attachment-2931\" style=\"width: 800px\" class=\"wp-caption alignnone\"><a href=\"https:\/\/bos-scheyern.de\/bo\/wp-content\/uploads\/2019\/03\/OSM_Scheyern.png\"><img loading=\"lazy\" class=\"wp-image-2931 size-large\" src=\"https:\/\/bos-scheyern.de\/bo\/wp-content\/uploads\/2019\/03\/OSM_Scheyern-1024x500.png\" alt=\"\" width=\"800\" height=\"391\" srcset=\"https:\/\/bos-scheyern.de\/bo\/wp-content\/uploads\/2019\/03\/OSM_Scheyern-1024x500.png 1024w, https:\/\/bos-scheyern.de\/bo\/wp-content\/uploads\/2019\/03\/OSM_Scheyern-300x147.png 300w, https:\/\/bos-scheyern.de\/bo\/wp-content\/uploads\/2019\/03\/OSM_Scheyern-768x375.png 768w, https:\/\/bos-scheyern.de\/bo\/wp-content\/uploads\/2019\/03\/OSM_Scheyern.png 1267w\" sizes=\"(max-width: 800px) 100vw, 800px\" \/><\/a><figcaption id=\"caption-attachment-2931\" class=\"wp-caption-text\">Daten von <a href=\"http:\/\/www.openstreetmap.org\/\">OpenStreetMap<\/a> &#8211; Ver\u00f6ffentlicht unter <a href=\"http:\/\/opendatacommons.org\/licenses\/odbl\/\">ODbL<\/a><\/figcaption><\/figure>\n<div class=\"google-maps\">\n<pre><\/pre>\n<\/div>\n","protected":false},"excerpt":{"rendered":"<p>Adresse: Berufliche Oberschule Scheyern Schyrenplatz 1 85298 Scheyern Tel.: 08441\/89 09-0 Fax: 08441\/89 09-10 E-Mail: sekretariat@fosbos-scheyern.de Anfahrt und Parkm\u00f6glichkeiten: Anfahrt und \u00dcbersicht \u00fcber die Parkpl\u00e4tze \u00a0<\/p>\n","protected":false},"author":3,"featured_media":0,"parent":0,"menu_order":43,"comment_status":"closed","ping_status":"open","template":"","meta":[],"_links":{"self":[{"href":"https:\/\/bos-scheyern.de\/bo\/index.php?rest_route=\/wp\/v2\/pages\/121"}],"collection":[{"href":"https:\/\/bos-scheyern.de\/bo\/index.php?rest_route=\/wp\/v2\/pages"}],"about":[{"href":"https:\/\/bos-scheyern.de\/bo\/index.php?rest_route=\/wp\/v2\/types\/page"}],"author":[{"embeddable":true,"href":"https:\/\/bos-scheyern.de\/bo\/index.php?rest_route=\/wp\/v2\/users\/3"}],"replies":[{"embeddable":true,"href":"https:\/\/bos-scheyern.de\/bo\/index.php?rest_route=%2Fwp%2Fv2%2Fcomments&post=121"}],"version-history":[{"count":25,"href":"https:\/\/bos-scheyern.de\/bo\/index.php?rest_route=\/wp\/v2\/pages\/121\/revisions"}],"predecessor-version":[{"id":5975,"href":"https:\/\/bos-scheyern.de\/bo\/index.php?rest_route=\/wp\/v2\/pages\/121\/revisions\/5975"}],"wp:attachment":[{"href":"https:\/\/bos-scheyern.de\/bo\/index.php?rest_route=%2Fwp%2Fv2%2Fmedia&parent=121"}],"curies":[{"name":"wp","href":"https:\/\/api.w.org\/{rel}","templated":true}]}}