{"id":130,"date":"2014-07-04T21:57:52","date_gmt":"2014-07-04T21:57:52","guid":{"rendered":"http:\/\/cms2.bos-scheyern.de\/?page_id=130"},"modified":"2026-03-14T15:04:54","modified_gmt":"2026-03-14T14:04:54","slug":"home","status":"publish","type":"page","link":"https:\/\/bos-scheyern.de\/bo\/","title":{"rendered":""},"content":{"rendered":"\n<h1>Berichte aus dem Schulleben<\/h1>\n\n\n<!-- This slideshow output is generated with Advanced post slider a multipurpose responsive WordPress slideshow plugin - http:\/\/www.wpcue.com\/wordpress-plugins\/advanced-post-slider\/ -->\r\n<style>\r\n#advps_container1 .bx-wrapper .bx-viewport {\r\n\t\t-moz-box-shadow: 0px 1px 4px #000000;\r\n\t-webkit-box-shadow: 0px 1px 4px #000000;\r\n\tbox-shadow: 0px 1px 4px #000000;\r\n\t\tbackground:#FFFFFF;\r\n}\r\n#advps_container1 .bx-wrapper .bx-pager{\r\n\ttext-align: center;\r\n\t;\r\n}\r\n#advps_container1 .bx-wrapper .bx-pager\r\n{\r\n\tbottom:-35px;\r\n\tz-index:999;\r\n}\r\n#advps_container1 .bx-wrapper .bx-controls-auto\r\n{\r\n\tbottom:6px;\r\n}\r\n#advps_container1 .bx-wrapper .bx-controls.bx-has-controls-auto.bx-has-pager .bx-pager {\r\n\ttext-align: center;\r\n}\r\n#advps_container1 .bx-wrapper .bx-controls-auto {\r\n\tz-index:99999;\r\n\ttext-align:center;width:100%;}\r\n\r\n#advps_container1 .bx-wrapper .bx-pager.bx-default-pager a {\r\n\tbackground: #666;\r\n\ttext-indent: -9999px;\r\n\tdisplay: block;\r\n\twidth: 10px;\r\n\theight: 10px;\r\n\tmargin: 0 5px;\r\n\toutline: 0;\r\n\t-moz-border-radius: 5px;\r\n\t-webkit-border-radius: 5px;\r\n\tborder-radius: 5px;\r\n\ttext-align:left;\r\n}\r\n#advps_container1 .bx-wrapper .bx-pager.bx-default-pager a:hover,\r\n#advps_container1 .bx-wrapper .bx-pager.bx-default-pager a.active {\r\n\tbackground: #000;\r\n}\r\n\r\n\/* thumbnail pager*\/\r\n#advps_container1 #bx-pager\r\n{\r\n\twidth:100%;\r\n\tposition:absolute;\r\n\tbottom:-35px;\r\n    text-align: center;\r\n\tz-index: 9999;\r\n}\r\n#advps_container1 #bx-pager a img\r\n{\r\n\tborder: 1px solid #CCCCCC;\r\n    padding: 3px;\r\n}\r\n#advps_container1 #bx-pager a:hover img, #advps_container1 #bx-pager a.active img\r\n{\r\n\tborder: 1px solid #666666;\r\n}\r\n\/* medai queries *\/\r\n#advps_container1 .advs-title,#advps_container1 .advs-title a\r\n{\r\n\tfont-size:18px;\r\n\tline-height:18px;\r\n}\r\n#advps_container1 .advps-slide p\r\n{\r\n\tfont-size:14px;\r\n\tline-height:14px;\r\n}\r\n@media screen and (max-width: 1024px){\r\n\t#advps_container1 .advs-title,#advps_container1 .advs-title a\r\n\t{\r\n\t\tfont-size:16px;\r\n\t\tline-height:14px;\r\n\t}\r\n\t#advps_container1 .advps-slide p\r\n\t{\r\n\t\tfont-size:10px;\r\n\t\tline-height:10px;\r\n\t}\r\n}\r\n@media screen and (max-width: 768px){\r\n\t#advps_container1 h2.advs-title, #advps_container1 h2.advs-title a\r\n\t{\r\n\t\tfont-size:11px;\r\n\t\tline-height:11px;\r\n\t}\r\n\t#advps_container1 .advps-slide p\r\n\t{\r\n\t\tfont-size:9px;\r\n\t\tline-height:9px;\r\n\t}\r\n}\r\n@media screen and (max-width: 650px){\r\n\t#advps_container1 h2.advs-title, #advps_container1 h2.advs-title a\r\n\t{\r\n\t\tfont-size:10px;\r\n\t\tline-height:10px;\r\n\t}\r\n\t#advps_container1 .advps-slide p\r\n\t{\r\n\t\tfont-size:8px;\r\n\t\tline-height:8px;\r\n\t}\r\n}\r\n@media screen and (max-width: 480px){\r\n\t#advps_container1 h2.advs-title, #advps_container1 h2.advs-title a\r\n\t{\r\n\t\tfont-size:8px;\r\n\t\tline-height:8px;\r\n\t}\r\n\t#advps_container1 .advps-slide p\r\n\t{\r\n\t\tfont-size:6px;\r\n\t\tline-height:6px;\r\n\t}\r\n}\r\n@media screen and (max-width: 320px){\r\n\t#advps_container1 h2.advs-title, #advps_container1 h2.advs-title a\r\n\t{\r\n\t\tfont-size:8px;\r\n\t\tline-height:8px;\r\n\t}\r\n\t#advps_container1 .advps-slide p\r\n\t{\r\n\t\tfont-size:5px;\r\n\t\tline-height:5px;\r\n\t}\r\n}\r\n<\/style>\r\n<script type=\"text\/javascript\">\r\n\t\tjQuery(document).ready(function($){\r\n\t\t\t$('#advpsslideshow_1').bxSlider({\r\n\t\t\t\tuseCSS:1,\r\n\t\t\t\tslideMargin: 0,\r\n\t\t\t\tspeed: 1000,\t\t\t\t\r\n\t\t\t\t\t\t\t\tmode: 'horizontal',\r\n\t\t\t\t\t\t\t\t\t\t\t\tauto: 1,\r\n\t\t\t\tautoHover: 1,\r\n\t\t\t\tpause: 4000,\r\n\t\t\t\teasing: 'linear',\r\n\t\t\t\tcontrols: 0,\r\n\t\t\t\tpager: 1,\r\n  \t\t\t\tautoControls: 1\t\t\t\t\t\t\t});\r\n\t\t\t\t\t\t\t$(\"#advpsslideshow_1 .advs-title a\").hover(function(){\r\n\t\t\t\t\t$(this).css('color','#c9c9c9');\r\n\t\t\t\t},function(){\r\n\t\t\t\t\t$(this).css('color','#FFFFFF');\r\n\t\t\t\t});\r\n\t\t\t\t\t\t$(\"#advpsslideshow_1 .advps-slide\").hover(function(){\r\n\t\t\t\t  \t\t\t\t  if(!$(this).find(\".advps-excerpt-one\").is(\":animated\")){\t\t\t\t\t  \r\n\t\t\t\t\t  $(this).find(\".advps-excerpt-one\").fadeIn(200,'linear',function(){});\r\n\t\t\t\t  }\r\n\t\t\t\t  \t\t\t},function(){\r\n\t\t\t\t\t\t\t\t$(this).find(\".advps-excerpt-one\").fadeOut(200,'linear',function(){});\r\n\t\t\t\t\t\t\t});\r\n\t\t});\r\n\t<\/script>\r\n<div id=\"advps_container1\" class=\"advps-slide-container\" style=\"overflow:hidden;max-width:700px;margin:auto;\">\r\n \r\n  <div id=\"advpsslideshow_1\">\r\n        <div class=\"advps-slide\">\r\n\t<a target=\"_self\" href=\"https:\/\/bos-scheyern.de\/bo\/?p=6960\" >      <img src=\"https:\/\/bos-scheyern.de\/bo\/wp-content\/uploads\/2026\/02\/IMG_0634-scaled-700x400.jpeg\" width=\"700\" height=\"400\" alt=\"Zu Besuch beim Podcast-Tag des Bayerischen Rundfunks\" \/>      <\/a>       \r\n      <div class=\"advps-excerpt-one\" style=\"width:32%;height:100%;display:none;top:0; right:0;\">\r\n      \t<div class=\"advps-overlay-one\" style=\"background-color:#000000; -moz-opacity:0.3;filter:alpha(opacity=30);opacity:0.3;\"><\/div>\r\n        <div class=\"advps-excerpt-block-one\" style=\"text-align:left;color:#FFFFFF;-moz-opacity:1;filter:alpha(opacity=100);opacity:1;\">        \r\n        <h2 class=\"advs-title\" style=\"margin:5px 0px 10px 0px;color:#FFFFFF\"><a target=\"_self\" href=\"https:\/\/bos-scheyern.de\/bo\/?p=6960\" style=\"margin:5px 0px 10px 0px;color:#FFFFFF\" >Zu Besuch beim Podcast-Tag des Bayerischen Rundfunks<\/a><\/h2>\r\n          \r\n            <p>Im Rahmen eines Projekts im Deutschunterricht besuchten Sch\u00fclerinnen und Sch\u00fcler der FOSBOS Scheyern den Bayerischen Rundfunk in M\u00fcnchen und erhielten spannende Einblicke in die Welt <a class=\"more-link\" href=\"https:\/\/bos-scheyern.de\/bo\/?p=6960\">weiterlesen<span class=\"screen-reader-text\">Zu Besuch beim Podcast-Tag des Bayerischen Rundfunks<\/span><span class=\"meta-nav\">\u2192<\/span><\/a><\/p>\n        <\/div>\r\n      <\/div>\r\n    <\/div>\r\n        <div class=\"advps-slide\">\r\n\t<a target=\"_self\" href=\"https:\/\/bos-scheyern.de\/bo\/?p=6971\" >      <img src=\"https:\/\/bos-scheyern.de\/bo\/wp-content\/uploads\/2026\/02\/Kein-Titel-Website2-e1770574412915-700x400.png\" width=\"700\" height=\"400\" alt=\"Gro\u00dfer Andrang am Tag der offenen Schule an der FOSBOS Scheyern\" \/>      <\/a>       \r\n      <div class=\"advps-excerpt-one\" style=\"width:32%;height:100%;display:none;top:0; right:0;\">\r\n      \t<div class=\"advps-overlay-one\" style=\"background-color:#000000; -moz-opacity:0.3;filter:alpha(opacity=30);opacity:0.3;\"><\/div>\r\n        <div class=\"advps-excerpt-block-one\" style=\"text-align:left;color:#FFFFFF;-moz-opacity:1;filter:alpha(opacity=100);opacity:1;\">        \r\n        <h2 class=\"advs-title\" style=\"margin:5px 0px 10px 0px;color:#FFFFFF\"><a target=\"_self\" href=\"https:\/\/bos-scheyern.de\/bo\/?p=6971\" style=\"margin:5px 0px 10px 0px;color:#FFFFFF\" >Gro\u00dfer Andrang am Tag der offenen Schule an der FOSBOS Scheyern<\/a><\/h2>\r\n          \r\n            <p>Am Freitag, den 30. Januar 2026, fand an der Beruflichen Oberschule Scheyern der Tag der offenen Schule unter dem Motto \u201eBildung. Zukunft. Live.\u201c statt. Interessierte <a class=\"more-link\" href=\"https:\/\/bos-scheyern.de\/bo\/?p=6971\">weiterlesen<span class=\"screen-reader-text\">Gro\u00dfer Andrang am Tag der offenen Schule an der FOSBOS Scheyern<\/span><span class=\"meta-nav\">\u2192<\/span><\/a><\/p>\n        <\/div>\r\n      <\/div>\r\n    <\/div>\r\n        <div class=\"advps-slide\">\r\n\t<a target=\"_self\" href=\"https:\/\/bos-scheyern.de\/bo\/?p=6981\" >      <img src=\"https:\/\/bos-scheyern.de\/bo\/wp-content\/uploads\/2026\/02\/Foto-Verkauf-700x400.jpeg\" width=\"700\" height=\"400\" alt=\"Aktion zum Deutsch-Franz\u00f6sischen Tag 2026\" \/>      <\/a>       \r\n      <div class=\"advps-excerpt-one\" style=\"width:32%;height:100%;display:none;top:0; right:0;\">\r\n      \t<div class=\"advps-overlay-one\" style=\"background-color:#000000; -moz-opacity:0.3;filter:alpha(opacity=30);opacity:0.3;\"><\/div>\r\n        <div class=\"advps-excerpt-block-one\" style=\"text-align:left;color:#FFFFFF;-moz-opacity:1;filter:alpha(opacity=100);opacity:1;\">        \r\n        <h2 class=\"advs-title\" style=\"margin:5px 0px 10px 0px;color:#FFFFFF\"><a target=\"_self\" href=\"https:\/\/bos-scheyern.de\/bo\/?p=6981\" style=\"margin:5px 0px 10px 0px;color:#FFFFFF\" >Aktion zum Deutsch-Franz\u00f6sischen Tag 2026<\/a><\/h2>\r\n          \r\n            <p>Der \u201eDeutsch-Franz\u00f6sische Tag\u201c, im Jahr 2003 von Jacques Chirac und Gerhard Schr\u00f6der ins Leben gerufen, erinnert seither in beiden L\u00e4ndern an jedem 22. Januar an <a class=\"more-link\" href=\"https:\/\/bos-scheyern.de\/bo\/?p=6981\">weiterlesen<span class=\"screen-reader-text\">Aktion zum Deutsch-Franz\u00f6sischen Tag 2026<\/span><span class=\"meta-nav\">\u2192<\/span><\/a><\/p>\n        <\/div>\r\n      <\/div>\r\n    <\/div>\r\n        <div class=\"advps-slide\">\r\n\t<a target=\"_self\" href=\"https:\/\/bos-scheyern.de\/bo\/?p=6934\" >      <img src=\"https:\/\/bos-scheyern.de\/bo\/wp-content\/uploads\/2026\/02\/Foto_Aigner_unbearbeitet-e1770309402686-700x400.jpg\" width=\"700\" height=\"400\" alt=\"Landtag trifft Scheyern: Ilse Aigner zu Besuch an der FOSBOS Scheyern\" \/>      <\/a>       \r\n      <div class=\"advps-excerpt-one\" style=\"width:32%;height:100%;display:none;top:0; right:0;\">\r\n      \t<div class=\"advps-overlay-one\" style=\"background-color:#000000; -moz-opacity:0.3;filter:alpha(opacity=30);opacity:0.3;\"><\/div>\r\n        <div class=\"advps-excerpt-block-one\" style=\"text-align:left;color:#FFFFFF;-moz-opacity:1;filter:alpha(opacity=100);opacity:1;\">        \r\n        <h2 class=\"advs-title\" style=\"margin:5px 0px 10px 0px;color:#FFFFFF\"><a target=\"_self\" href=\"https:\/\/bos-scheyern.de\/bo\/?p=6934\" style=\"margin:5px 0px 10px 0px;color:#FFFFFF\" >Landtag trifft Scheyern: Ilse Aigner zu Besuch an der FOSBOS Scheyern<\/a><\/h2>\r\n          \r\n            <p>Am 26. Januar 2026 fand im Wittelsbacher Saal des Scheyrer Klosters ein bedeutender Besuch statt: Die bayerische Landtagspr\u00e4sidentin Ilse Aigner war am Abend zu Gast <a class=\"more-link\" href=\"https:\/\/bos-scheyern.de\/bo\/?p=6934\">weiterlesen<span class=\"screen-reader-text\">Landtag trifft Scheyern: Ilse Aigner zu Besuch an der FOSBOS Scheyern<\/span><span class=\"meta-nav\">\u2192<\/span><\/a><\/p>\n        <\/div>\r\n      <\/div>\r\n    <\/div>\r\n      <\/div>\r\n  <\/div><!-- end advps-slide-container -->\r\n<!-- \/ Advanced post slider a multipurpose responsive slideshow plugin -->\r\n\n\n\n\n<div style=\"height:20px\" aria-hidden=\"true\" class=\"wp-block-spacer\"><\/div>\n\n\n\n<hr class=\"wp-block-separator is-style-default\"\/>\n\n\n\n<h2>Anmeldung f\u00fcr das Schuljahr 2026\/27<\/h2>\n\n\n\n<p>Vom 23.02.2026 bis 06.03.2026 hat die Anmeldung f\u00fcr das Schuljahr 2026\/27 stattgefunden. Haben Sie Fragen zur Anmeldung? Dann nehmen Sie gerne telefonisch unter 08441\/89 09-0 Kontakt mit uns auf!<\/p>\n\n\n\n<p><\/p>\n","protected":false},"excerpt":{"rendered":"<p>Berichte aus dem Schulleben Anmeldung f\u00fcr das Schuljahr 2026\/27 Vom 23.02.2026 bis 06.03.2026 hat die Anmeldung f\u00fcr das Schuljahr 2026\/27 stattgefunden. Haben Sie Fragen zur <a class=\"more-link\" href=\"https:\/\/bos-scheyern.de\/bo\/?p=6934\">weiterlesen<span class=\"screen-reader-text\">Landtag trifft Scheyern: Ilse Aigner zu Besuch an der FOSBOS Scheyern<\/span><span class=\"meta-nav\">\u2192<\/span><\/a><\/p>\n","protected":false},"author":13,"featured_media":0,"parent":0,"menu_order":42,"comment_status":"closed","ping_status":"open","template":"","meta":[],"_links":{"self":[{"href":"https:\/\/bos-scheyern.de\/bo\/index.php?rest_route=\/wp\/v2\/pages\/130"}],"collection":[{"href":"https:\/\/bos-scheyern.de\/bo\/index.php?rest_route=\/wp\/v2\/pages"}],"about":[{"href":"https:\/\/bos-scheyern.de\/bo\/index.php?rest_route=\/wp\/v2\/types\/page"}],"author":[{"embeddable":true,"href":"https:\/\/bos-scheyern.de\/bo\/index.php?rest_route=\/wp\/v2\/users\/13"}],"replies":[{"embeddable":true,"href":"https:\/\/bos-scheyern.de\/bo\/index.php?rest_route=%2Fwp%2Fv2%2Fcomments&post=130"}],"version-history":[{"count":651,"href":"https:\/\/bos-scheyern.de\/bo\/index.php?rest_route=\/wp\/v2\/pages\/130\/revisions"}],"predecessor-version":[{"id":6999,"href":"https:\/\/bos-scheyern.de\/bo\/index.php?rest_route=\/wp\/v2\/pages\/130\/revisions\/6999"}],"wp:attachment":[{"href":"https:\/\/bos-scheyern.de\/bo\/index.php?rest_route=%2Fwp%2Fv2%2Fmedia&parent=130"}],"curies":[{"name":"wp","href":"https:\/\/api.w.org\/{rel}","templated":true}]}}