{"id":3804,"date":"2021-01-28T16:19:19","date_gmt":"2021-01-28T15:19:19","guid":{"rendered":"https:\/\/bos-scheyern.de\/bo\/?page_id=3804"},"modified":"2026-01-26T14:36:24","modified_gmt":"2026-01-26T13:36:24","slug":"wahlpflichtfaecher-jahrgangsstufe-12","status":"publish","type":"page","link":"https:\/\/bos-scheyern.de\/bo\/?page_id=3804","title":{"rendered":"Wahlpflichtf\u00e4cher Jahrgangsstufe 12"},"content":{"rendered":"\n<p>(nach FOBOSO \u00a712)<\/p>\n\n\n<p><strong>FOS-Sch\u00fcler<\/strong> belegen in der 12. Klasse mindestens zwei Wahlpflichtf\u00e4cher.<\/p>\n<p><strong>BOS-Sch\u00fcler<\/strong> belegen in der 12. Klasse mindestens ein Wahlpflichtfach.<\/p>\n<p>F\u00fcr den Erwerb der Allgemeinen Hochschulreife ist es notwendig, dass f\u00fcr Sch\u00fclerinnen und Sch\u00fcler mit keinen oder geringen Vorkenntnissen in der jeweiligen Sprache der Wahlpflichtunterricht in der 12. und 13. Klasse besucht wird und am Ende der 13. Klasse mindestens 4 Punkte (Note 4) erreicht werden.<\/p>\n<p>Informationen zur Durchf\u00fchrung der Wahl folgen gesondert. Alle Kurse finden nur statt, wenn eine Mindestteilnehmerzahl erreicht ist.<\/p>\n\n\n<figure class=\"wp-block-table\">\n\n<table align=\"center\"><tbody>\n\n\t<!--Zeile 1-->\n\t<tr>\n\t\t<td><\/td>\n\t\t<td class=\"has-text-align-center\" data-align=\"center\" colspan=\"4\" bgcolor=\"#F2F2F2\"><strong>w\u00e4hlbar f\u00fcr Ausbildungsrichtung<\/strong><\/td>\n\t\t<td><\/td>\n\t\t<td width=\"160\"><\/td>\n\t<\/tr>\n\n\t<!--Zeile 2-->\n\t<tr>\n\t\t<td><strong>Wahlpflichtf\u00e4cher<\/strong><\/td>\n\t\t<td class=\"has-text-align-center\" data-align=\"center\" bgcolor=\"#FBE4D5\"><strong>Wirtschaft<\/strong><\/td>\n\t\t<td class=\"has-text-align-center\" data-align=\"center\" bgcolor=\"#D9E2F3\"><strong>Technik<\/strong><\/td>\n\t\t<td class=\"has-text-align-center\" data-align=\"center\" bgcolor=\"#FFF2CC\"><strong>Sozialwesen<\/strong><\/td>\n\t\t<td class=\"has-text-align-center\" data-align=\"center\" width=\"80\" bgcolor=\"#FCEAF9\"><strong>ABU<\/strong><\/td>\n\t\t<td class=\"has-text-align-center\" data-align=\"center\"><strong>Stunden-zahl<\/strong><\/td>\n\t\t<td class=\"has-text-align-center\" data-align=\"center\"><strong>Besonderheiten<\/strong><\/td>\n\t<\/tr>\n\n\t<!--Zeile 3-->\n\t<tr>\n\t\t<td><strong><span style=\"color:#00b050\" class=\"has-inline-color\">Profilvertiefende WPF<\/span><\/strong><\/td>\n\t\t<td bgcolor=\"#FBE4D5\"><\/td>\n\t\t<td bgcolor=\"#D9E2F3\"><\/td>\n\t\t<td bgcolor=\"#FFF2CC\"><\/td>\n\t\t<td bgcolor=\"#FCEAF9\"><\/td>\n\t\t<td><\/td>\n\t\t<td><\/td>\n\t<\/tr>\n\n\t<!--Zeile 4-->\n\t<tr>\n\t\t<td>Wirtschaft aktuell<\/td>\n\t\t<td class=\"has-text-align-center\" data-align=\"center\" bgcolor=\"#FBE4D5\">X<\/td>\n\t\t<td bgcolor=\"#D9E2F3\"><\/td>\n\t\t<td bgcolor=\"#FFF2CC\"><\/td>\n\t\t<td bgcolor=\"#FCEAF9\"><\/td>\n\t\t<td class=\"has-text-align-center\" data-align=\"center\">2<\/td>\n\t\t<td><\/td>\n\t<\/tr>\n\n\t<!--Zeile 5-->\n\t<tr>\n\t\t<td>Informatik f\u00fcr Techniker<\/td>\n\t\t<td bgcolor=\"#FBE4D5\"><\/td>\n\t\t<td class=\"has-text-align-center\" data-align=\"center\" bgcolor=\"#D9E2F3\">X<\/td>\n\t\t<td bgcolor=\"#FFF2CC\"><\/td>\n\t\t<td bgcolor=\"#FCEAF9\"><\/td>\n\t\t<td class=\"has-text-align-center\" data-align=\"center\">2<\/td>\n\t\t<td><\/td>\n\t<\/tr>\n\n\n\t<!--Zeile 7-->\n\t<tr>\n\t\t<td>Biotechnologie<\/td>\n\t\t<td bgcolor=\"#FBE4D5\"><\/td>\n\t\t<td bgcolor=\"#D9E2F3\"><\/td>\n\t\t<td bgcolor=\"#FFF2CC\"><\/td>\n\t\t<td class=\"has-text-align-center\" data-align=\"center\" bgcolor=\"#FCEAF9\">X<\/td>\n\t\t<td class=\"has-text-align-center\" data-align=\"center\">2<\/td>\n\t\t<td><\/td>\n\t<\/tr>\n\n<!--Zeile 20-->\n\t<tr>\n\t\t<td>Sozialpsychologie<\/td>\n\t\t<td class=\"has-text-align-center\" data-align=\"center\" bgcolor=\"#FBE4D5\"><\/td>\n\t\t<td class=\"has-text-align-center\" data-align=\"center\" bgcolor=\"#D9E2F3\"><\/td>\n\t\t<td class=\"has-text-align-center\" data-align=\"center\" bgcolor=\"#FFF2CC\">X<\/td>\n\t\t<td class=\"has-text-align-center\" data-align=\"center\" bgcolor=\"#FCEAF9\"><\/td>\n\t\t<td class=\"has-text-align-center\" data-align=\"center\">2<\/td>\n\t\t<td><\/td>\n\t<\/tr>\n\n\t<!--Zeile 8-->\n\t<tr>\n\t\t<td><strong><span style=\"color:#00b050\" class=\"has-inline-color\">Profilerweiternde WPF<\/span><\/strong><\/td>\n\t\t<td bgcolor=\"#FBE4D5\"><\/td>\n\t\t<td bgcolor=\"#D9E2F3\"><\/td>\n\t\t<td bgcolor=\"#FFF2CC\"><\/td>\n\t\t<td bgcolor=\"#FCEAF9\"><\/td>\n\t\t<td><\/td>\n\t\t<td><\/td>\n\t<\/tr>\n\n\t<!--Zeile 9-->\n\t<tr>\n\t\t<td>Latein<\/td>\n\t\t<td class=\"has-text-align-center\" data-align=\"center\" bgcolor=\"#FBE4D5\">X<\/td>\n\t\t<td class=\"has-text-align-center\" data-align=\"center\" bgcolor=\"#D9E2F3\">X<\/td>\n\t\t<td class=\"has-text-align-center\" data-align=\"center\" bgcolor=\"#FFF2CC\">X<\/td>\n\t\t<td class=\"has-text-align-center\" data-align=\"center\" bgcolor=\"#FCEAF9\">X<\/td>\n\t\t<td class=\"has-text-align-center\" data-align=\"center\">4<\/td>\n\t\t<td>keine Kenntnisse auf B1 oder h\u00f6her<\/td>\n\t<\/tr>\n\n\t<!--Zeile 10-->\n\t<tr>\n\t\t<td>Spanisch<\/td>\n\t\t<td class=\"has-text-align-center\" data-align=\"center\" bgcolor=\"#FBE4D5\">X<\/td>\n\t\t<td class=\"has-text-align-center\" data-align=\"center\" bgcolor=\"#D9E2F3\">X<\/td>\n\t\t<td class=\"has-text-align-center\" data-align=\"center\" bgcolor=\"#FFF2CC\">X<\/td>\n\t\t<td class=\"has-text-align-center\" data-align=\"center\" bgcolor=\"#FCEAF9\">X<\/td>\n\t\t<td class=\"has-text-align-center\" data-align=\"center\">4<\/td>\n\t\t<td>keine Kenntnisse auf B1 oder h\u00f6her<\/td>\n\t<\/tr>\n\n\t<!--Zeile 11-->\n\t<tr>\n\t\t<td>Franz\u00f6sisch (fortgef\u00fchrt)<\/td>\n\t\t<td class=\"has-text-align-center\" data-align=\"center\" bgcolor=\"#FBE4D5\">X<\/td>\n\t\t<td class=\"has-text-align-center\" data-align=\"center\" bgcolor=\"#D9E2F3\">X<\/td>\n\t\t<td class=\"has-text-align-center\" data-align=\"center\" bgcolor=\"#FFF2CC\">X<\/td>\n\t\t<td class=\"has-text-align-center\" data-align=\"center\" bgcolor=\"#FCEAF9\">X<\/td>\n\t\t<td class=\"has-text-align-center\" data-align=\"center\">2<\/td>\n\t\t<td>Vorkenntnisse auf B1 erforderlich<\/td>\n\t<\/tr>\n\n\t<!--Zeile 12-->\n\t<tr>\n\t\t<td>English Book Club<\/td>\n\t\t<td class=\"has-text-align-center\" data-align=\"center\" bgcolor=\"#FBE4D5\">X<\/td>\n\t\t<td class=\"has-text-align-center\" data-align=\"center\" bgcolor=\"#D9E2F3\">X<\/td>\n\t\t<td class=\"has-text-align-center\" data-align=\"center\" bgcolor=\"#FFF2CC\">X<\/td>\n\t\t<td class=\"has-text-align-center\" data-align=\"center\" bgcolor=\"#FCEAF9\">X<\/td>\n\t\t<td class=\"has-text-align-center\" data-align=\"center\">2<\/td>\n\t\t<td><\/td>\n\t<\/tr>\n\n\t<!--Zeile 13-->\n\t<tr>\n\t\t<td>Internationale Politik<\/td>\n\t\t<td class=\"has-text-align-center\" data-align=\"center\" bgcolor=\"#FBE4D5\">X<\/td>\n\t\t<td class=\"has-text-align-center\" data-align=\"center\" bgcolor=\"#D9E2F3\">X<\/td>\n\t\t<td class=\"has-text-align-center\" data-align=\"center\" bgcolor=\"#FFF2CC\">X<\/td>\n\t\t<td class=\"has-text-align-center\" data-align=\"center\" bgcolor=\"#FCEAF9\">X<\/td>\n\t\t<td class=\"has-text-align-center\" data-align=\"center\">2<\/td>\n\t\t<td><\/td>\n\t<\/tr>\n\n<!--Zeile 14-->\n\t<tr>\n\t\t<td>Wirtschaft und Recht<\/td>\n\t\t<td class=\"has-text-align-center\" data-align=\"center\" bgcolor=\"#FBE4D5\"><\/td>\n\t\t<td class=\"has-text-align-center\" data-align=\"center\" bgcolor=\"#D9E2F3\">X<\/td>\n\t\t<td class=\"has-text-align-center\" data-align=\"center\" bgcolor=\"#FFF2CC\"><\/td>\n\t\t<td class=\"has-text-align-center\" data-align=\"center\" bgcolor=\"#FCEAF9\">X<\/td>\n\t\t<td class=\"has-text-align-center\" data-align=\"center\">2<\/td>\n\t\t<td><\/td>\n\t<\/tr>\n\t\n<!--Zeile 15-->\n\t<tr>\n\t\t<td>International Business Studies<\/td>\n\t\t<td class=\"has-text-align-center\" data-align=\"center\" bgcolor=\"#FBE4D5\">X<\/td>\n\t\t<td class=\"has-text-align-center\" data-align=\"center\" bgcolor=\"#D9E2F3\">X<\/td>\n\t\t<td class=\"has-text-align-center\" data-align=\"center\" bgcolor=\"#FFF2CC\">X<\/td>\n\t\t<td class=\"has-text-align-center\" data-align=\"center\" bgcolor=\"#FCEAF9\">X<\/td>\n\t\t<td class=\"has-text-align-center\" data-align=\"center\">2<\/td>\n\t\t<td>bilingualer Unterricht<\/td>\n\t<\/tr>\n\n\t<!--Zeile 16-->\n\t<tr>\n\t\t<td>Mathematik Additum<\/td>\n\t\t<td class=\"has-text-align-center\" data-align=\"center\" bgcolor=\"#FBE4D5\">X<\/td>\n\t\t<td bgcolor=\"#D9E2F3\"><\/td>\n\t\t<td class=\"has-text-align-center\" data-align=\"center\" bgcolor=\"#FFF2CC\">X<\/td>\n\t\t<td class=\"has-text-align-center\" data-align=\"center\" bgcolor=\"#FCEAF9\">X<\/td>\n\t\t<td class=\"has-text-align-center\" data-align=\"center\">2<\/td>\n\t\t<td><\/td>\n\t<\/tr>\n\n<!--Zeile 17-->\n\t<tr>\n\t\t<td>Aspekte der Physik<\/td>\n\t\t<td class=\"has-text-align-center\" data-align=\"center\" bgcolor=\"#FBE4D5\">X<\/td>\n\t\t<td bgcolor=\"#D9E2F3\"><\/td>\n\t\t<td class=\"has-text-align-center\" data-align=\"center\" bgcolor=\"#FFF2CC\">X<\/td>\n\t\t<td bgcolor=\"#FCEAF9\"><\/td>\n\t\t<td class=\"has-text-align-center\" data-align=\"center\">2<\/td>\n\t\t<td><\/td>\n\t<\/tr>\n\n\t<!--Zeile 18-->\n\t<tr>\n\t\t<td>Aspekte der Biologie<\/td>\n\t\t<td class=\"has-text-align-center\" data-align=\"center\" bgcolor=\"#FBE4D5\">X<\/td>\n\t\t<td class=\"has-text-align-center\" data-align=\"center\" bgcolor=\"#D9E2F3\">X<\/td>\n\t\t<td bgcolor=\"#FFF2CC\"><\/td>\n\t\t<td bgcolor=\"#FCEAF9\"><\/td>\n\t\t<td class=\"has-text-align-center\" data-align=\"center\">2<\/td>\n\t\t<td><\/td>\n\t<\/tr>\n\n\t<!--Zeile 19-->\n\t<tr>\n\t\t<td>Aspekte der Psychologie<\/td>\n\t\t<td class=\"has-text-align-center\" data-align=\"center\" bgcolor=\"#FBE4D5\">X<\/td>\n\t\t<td class=\"has-text-align-center\" data-align=\"center\" bgcolor=\"#D9E2F3\">X<\/td>\n\t\t<td bgcolor=\"#FFF2CC\"><\/td>\n\t\t<td class=\"has-text-align-center\" data-align=\"center\" bgcolor=\"#FCEAF9\">X<\/td>\n\t\t<td class=\"has-text-align-center\" data-align=\"center\">2<\/td>\n\t\t<td><\/td>\n\t<\/tr>\n\n\n<!--Zeile 21-->\n\t<tr>\n\t\t<td>Soziologie<\/td>\n\t\t<td class=\"has-text-align-center\" data-align=\"center\" bgcolor=\"#FBE4D5\">X<\/td>\n\t\t<td class=\"has-text-align-center\" data-align=\"center\" bgcolor=\"#D9E2F3\">X<\/td>\n\t\t<td bgcolor=\"#FFF2CC\"><\/td>\n\t\t<td class=\"has-text-align-center\" data-align=\"center\" bgcolor=\"#FCEAF9\">X<\/td>\n\t\t<td class=\"has-text-align-center\" data-align=\"center\">2<\/td>\n\t\t<td><\/td>\n\t<\/tr>\n\t<!--Zeile 22-->\n\t<tr>\n\t\t<td>Musik<\/td>\n\t\t<td class=\"has-text-align-center\" data-align=\"center\" bgcolor=\"#FBE4D5\">X<\/td>\n\t\t<td class=\"has-text-align-center\" data-align=\"center\" bgcolor=\"#D9E2F3\">X<\/td>\n\t\t<td class=\"has-text-align-center\" data-align=\"center\" bgcolor=\"#FFF2CC\">X<\/td>\n\t\t<td class=\"has-text-align-center\" data-align=\"center\" bgcolor=\"#FCEAF9\">X<\/td>\n\t\t<td class=\"has-text-align-center\" data-align=\"center\">2<\/td>\n\t\t<td>nicht einbringungsf\u00e4hig<\/td>\n\t<\/tr>\n\n\n<\/tbody><\/table>\n\n<\/figure>\n\n\n\n<p>F\u00fcr weitere Informationen zu den Lernbereichen des jeweiligen Wahlpflichtfachs klicken Sie <a href=\"https:\/\/bos-scheyern.de\/bo\/wp-content\/uploads\/2026\/01\/Kurswahlinfo_Jgs12-Homepage-1.pdf\" data-type=\"URL\" data-id=\"https:\/\/bos-scheyern.de\/bo\/wp-content\/uploads\/2026\/01\/Kurswahlinfo_Jgs12-Homepage-1.pdf\" target=\"_blank\" rel=\"noreferrer noopener\">hier.<\/a><\/p>\n\n\n\n<p>Weitere Informationen zu den Fachlehrpl\u00e4nen erhalten Sie unter <a href=\"https:\/\/www.lehrplanplus.bayern.de\/schulart\/fos\/inhalt\/fachlehrplaene\" target=\"_blank\" rel=\"noopener noreferrer\">https:\/\/www.lehrplanplus.bayern.de\/schulart\/fos\/inhalt\/fachlehrplaene<\/a>.<\/p>\n","protected":false},"excerpt":{"rendered":"<p>(nach FOBOSO \u00a712) FOS-Sch\u00fcler belegen in der 12. Klasse mindestens zwei Wahlpflichtf\u00e4cher. BOS-Sch\u00fcler belegen in der 12. Klasse mindestens ein Wahlpflichtfach. F\u00fcr den Erwerb der Allgemeinen Hochschulreife ist es notwendig, <a class=\"more-link\" href=\"https:\/\/bos-scheyern.de\/bo\/?page_id=3804\">weiterlesen<span class=\"screen-reader-text\">Wahlpflichtf\u00e4cher Jahrgangsstufe 12<\/span><span class=\"meta-nav\">\u2192<\/span><\/a><\/p>\n","protected":false},"author":13,"featured_media":0,"parent":0,"menu_order":33,"comment_status":"closed","ping_status":"closed","template":"","meta":[],"_links":{"self":[{"href":"https:\/\/bos-scheyern.de\/bo\/index.php?rest_route=\/wp\/v2\/pages\/3804"}],"collection":[{"href":"https:\/\/bos-scheyern.de\/bo\/index.php?rest_route=\/wp\/v2\/pages"}],"about":[{"href":"https:\/\/bos-scheyern.de\/bo\/index.php?rest_route=\/wp\/v2\/types\/page"}],"author":[{"embeddable":true,"href":"https:\/\/bos-scheyern.de\/bo\/index.php?rest_route=\/wp\/v2\/users\/13"}],"replies":[{"embeddable":true,"href":"https:\/\/bos-scheyern.de\/bo\/index.php?rest_route=%2Fwp%2Fv2%2Fcomments&post=3804"}],"version-history":[{"count":58,"href":"https:\/\/bos-scheyern.de\/bo\/index.php?rest_route=\/wp\/v2\/pages\/3804\/revisions"}],"predecessor-version":[{"id":6891,"href":"https:\/\/bos-scheyern.de\/bo\/index.php?rest_route=\/wp\/v2\/pages\/3804\/revisions\/6891"}],"wp:attachment":[{"href":"https:\/\/bos-scheyern.de\/bo\/index.php?rest_route=%2Fwp%2Fv2%2Fmedia&parent=3804"}],"curies":[{"name":"wp","href":"https:\/\/api.w.org\/{rel}","templated":true}]}}