{"id":3855,"date":"2021-01-28T19:48:38","date_gmt":"2021-01-28T18:48:38","guid":{"rendered":"https:\/\/bos-scheyern.de\/bo\/?page_id=3855"},"modified":"2026-01-26T14:39:06","modified_gmt":"2026-01-26T13:39:06","slug":"wahlpflichtfaecher-jahrgangsstufe-13","status":"publish","type":"page","link":"https:\/\/bos-scheyern.de\/bo\/?page_id=3855","title":{"rendered":"Wahlpflichtf\u00e4cher Jahrgangsstufe 13"},"content":{"rendered":"<p>(nach FOBOSO \u00a712)<\/p>\n<p><strong>FOS- und BOS Sch\u00fcler<\/strong> belegen in der 13. Klasse ein Wahlpflichtfach (zus\u00e4tzlich zum Seminarfach).<\/p>\n<p>Es d\u00fcrfen einj\u00e4hrige WPF (siehe Tabelle \u201eBesonderheiten\u201c) nicht nochmal belegt werden, wenn Sie von Ihnen schon in der 12. Jahrgangsstufe belegt wurden.<\/p>\n<p>F\u00fcr den Erwerb der Allgemeinen Hochschulreife ist es notwendig, dass in der zweiten Fremdsprache am Ende der 13. Klasse mindestens 4 Punkte (Note 4) erreicht werden.<\/p>\n<p>Informationen zur Durchf\u00fchrung der Wahl folgen gesondert. Alle Kurse finden nur statt, wenn eine Mindestteilnehmerzahl erreicht ist.<\/p>\n\n\n<figure class=\"wp-block-table\">\n\n<table align=\"center\"><tbody>\n\n\t<!--Zeile 1-->\n\t<tr>\n\t\t<td><\/td>\n\t\t<td bgcolor=\"#F2F2F2\" class=\"has-text-align-center\" data-align=\"center\" colspan=\"4\"><strong>w\u00e4hlbar f\u00fcr Ausbildungsrichtung<\/strong><\/td>\n\t\t<td><\/td>\n\t\t<td width=\"160\"><\/td>\n\t<\/tr>\n\n\t<!--Zeile 2-->\n\t<tr>\n\t\t<td><strong>Wahlpflichtf\u00e4cher<\/strong><\/td>\n\t\t<td bgcolor=\"#FBE4D5\" class=\"has-text-align-center\" data-align=\"center\"><strong>Wirtschaft<\/strong><\/td>\n\t\t<td bgcolor=\"#D9E2F3\" class=\"has-text-align-center\" data-align=\"center\"><strong>Technik<\/strong><\/td>\n\t\t<td bgcolor=\"#FFF2CC\" class=\"has-text-align-center\" data-align=\"center\"><strong>Sozialwesen<\/strong><\/td>\n\t\t<td bgcolor=\"#FCEAF9\" width=\"80\" class=\"has-text-align-center\" data-align=\"center\"><strong>ABU<\/strong><\/td>\n\t\t<td class=\"has-text-align-center\" data-align=\"center\"><strong>Stunden-zahl<\/strong><\/td>\n\t\t<td class=\"has-text-align-center\" data-align=\"center\"><strong>Besonderheiten<\/strong><\/td>\n\t<\/tr>\n\n\t<!--Zeile 3-->\n\t<tr>\n\t\t<td><strong><span style=\"color:#00b050\" class=\"has-inline-color\">Profilvertiefende WPF<\/span><\/strong><\/td>\n\t\t<td bgcolor=\"#FBE4D5\"><\/td>\n\t\t<td bgcolor=\"#D9E2F3\"><\/td>\n\t\t<td bgcolor=\"#FFF2CC\"><\/td>\n\t\t<td bgcolor=\"#FCEAF9\"><\/td>\n\t\t<td><\/td>\n\t\t<td><\/td>\n\t<\/tr>\n\n\t<!--Zeile 4-->\n\t<tr>\n\t\t<td>Wirtschaft aktuell<\/td>\n\t\t<td bgcolor=\"#FBE4D5\" class=\"has-text-align-center\" data-align=\"center\">X<\/td>\n\t\t<td bgcolor=\"#D9E2F3\"><\/td>\n\t\t<td bgcolor=\"#FFF2CC\"><\/td>\n\t\t<td bgcolor=\"#FCEAF9\"><\/td>\n\t\t<td class=\"has-text-align-center\" data-align=\"center\">2<\/td>\n\t\t<td><\/td>\n\t<\/tr>\n\n\n\n\t\n\n\t<!--Zeile 7-->\n\t<tr>\n\t\t<td>Biotechnologie II<\/td>\n\t\t<td bgcolor=\"#FBE4D5\"><\/td>\n\t\t<td bgcolor=\"#D9E2F3\"><\/td>\n\t\t<td bgcolor=\"#FFF2CC\"><\/td>\n\t\t<td bgcolor=\"#FCEAF9\" class=\"has-text-align-center\" data-align=\"center\">X<\/td>\n\t\t<td class=\"has-text-align-center\" data-align=\"center\">2<\/td>\n\t\t<td><\/td>\n\t<\/tr>\n\n<!--Zeile 18-->\n\t<tr>\n\t\t<td>Sozialpsychologie<\/td>\n\t\t<td class=\"has-text-align-center\" data-align=\"center\" bgcolor=\"#FBE4D5\"><\/td>\n\t\t<td class=\"has-text-align-center\" data-align=\"center\" bgcolor=\"#D9E2F3\"><\/td>\n\t\t<td class=\"has-text-align-center\" data-align=\"center\" bgcolor=\"#FFF2CC\">X<\/td>\n\t\t<td class=\"has-text-align-center\" data-align=\"center\" bgcolor=\"#FCEAF9\"><\/td>\n\t\t<td class=\"has-text-align-center\" data-align=\"center\">2<\/td>\n\t\t<td><\/td>\n\t<\/tr>\n\n\t<!--Zeile 8-->\n\t<tr>\n\t\t<td><strong><span style=\"color:#00b050\" class=\"has-inline-color\">Profilerweiternde WPF<\/span><\/strong><\/td>\n\t\t<td bgcolor=\"#FBE4D5\"><\/td>\n\t\t<td bgcolor=\"#D9E2F3\"><\/td>\n\t\t<td bgcolor=\"#FFF2CC\"><\/td>\n\t\t<td bgcolor=\"#FCEAF9\"><\/td>\n\t\t<td><\/td>\n\t\t<td><\/td>\n\t<\/tr>\n\n\t<!--Zeile 9-->\n\t<tr>\n\t\t<td>Latein II<\/td>\n\t\t<td bgcolor=\"#FBE4D5\" class=\"has-text-align-center\" data-align=\"center\">X<\/td>\n\t\t<td bgcolor=\"#D9E2F3\" class=\"has-text-align-center\" data-align=\"center\">X<\/td>\n\t\t<td bgcolor=\"#FFF2CC\" class=\"has-text-align-center\" data-align=\"center\">X<\/td>\n\t\t<td bgcolor=\"#FCEAF9\" class=\"has-text-align-center\" data-align=\"center\">X<\/td>\n\t\t<td class=\"has-text-align-center\" data-align=\"center\">4<\/td>\n\t\t<td>fortgef\u00fchrt aus Jahrgangsstufe 12<\/td>\n\t<\/tr>\n\n\t<!--Zeile 10-->\n\t<tr>\n\t\t<td>Spanisch II<\/td>\n\t\t<td bgcolor=\"#FBE4D5\" class=\"has-text-align-center\" data-align=\"center\">X<\/td>\n\t\t<td bgcolor=\"#D9E2F3\" class=\"has-text-align-center\" data-align=\"center\">X<\/td>\n\t\t<td bgcolor=\"#FFF2CC\" class=\"has-text-align-center\" data-align=\"center\">X<\/td>\n\t\t<td bgcolor=\"#FCEAF9\" class=\"has-text-align-center\" data-align=\"center\">X<\/td>\n\t\t<td class=\"has-text-align-center\" data-align=\"center\">4<\/td>\n\t\t<td>fortgef\u00fchrt aus Jahrgangsstufe 12<\/td>\n\t<\/tr>\n\n\t<!--Zeile 11-->\n\t<tr>\n\t\t<td>Franz\u00f6sisch (fortgef\u00fchrt)<\/td>\n\t\t<td bgcolor=\"#FBE4D5\" class=\"has-text-align-center\" data-align=\"center\">X<\/td>\n\t\t<td bgcolor=\"#D9E2F3\" class=\"has-text-align-center\" data-align=\"center\">X<\/td>\n\t\t<td bgcolor=\"#FFF2CC\" class=\"has-text-align-center\" data-align=\"center\">X<\/td>\n\t\t<td bgcolor=\"#FCEAF9\" class=\"has-text-align-center\" data-align=\"center\">X<\/td>\n\t\t<td class=\"has-text-align-center\" data-align=\"center\">2<\/td>\n\t\t<td>Vorkenntnisse auf B1 erforderlich<\/td>\n\t<\/tr>\n\n\t<!--Zeile 12-->\n\t<tr>\n\t\t<td>English Book Club<\/td>\n\t\t<td bgcolor=\"#FBE4D5\" class=\"has-text-align-center\" data-align=\"center\">X<\/td>\n\t\t<td bgcolor=\"#D9E2F3\" class=\"has-text-align-center\" data-align=\"center\">X<\/td>\n\t\t<td bgcolor=\"#FFF2CC\" class=\"has-text-align-center\" data-align=\"center\">X<\/td>\n\t\t<td bgcolor=\"#FCEAF9\" class=\"has-text-align-center\" data-align=\"center\">X<\/td>\n\t\t<td class=\"has-text-align-center\" data-align=\"center\">2<\/td>\n\t\t<td>*einj\u00e4hrig<\/td>\n\t<\/tr>\n\n\t<!--Zeile 13-->\n\t<tr>\n\t\t<td>Internationale Politik<\/td>\n\t\t<td bgcolor=\"#FBE4D5\" class=\"has-text-align-center\" data-align=\"center\">X<\/td>\n\t\t<td bgcolor=\"#D9E2F3\" class=\"has-text-align-center\" data-align=\"center\">X<\/td>\n\t\t<td bgcolor=\"#FFF2CC\" class=\"has-text-align-center\" data-align=\"center\">X<\/td>\n\t\t<td bgcolor=\"#FCEAF9\" class=\"has-text-align-center\" data-align=\"center\">X<\/td>\n\t\t<td class=\"has-text-align-center\" data-align=\"center\">2<\/td>\n\t\t<td>*einj\u00e4hrig<\/td>\n\t<\/tr>\n\n\t<!--Zeile 14-->\n\t<tr>\n\t\t<td>Wirtschaft und Recht<\/td>\n\t\t<td bgcolor=\"#FBE4D5\" class=\"has-text-align-center\" data-align=\"center\"><\/td>\n\t\t<td bgcolor=\"#D9E2F3\" class=\"has-text-align-center\" data-align=\"center\">X<\/td>\n\t\t<td bgcolor=\"#FFF2CC\" class=\"has-text-align-center\" data-align=\"center\"><\/td>\n\t\t<td bgcolor=\"#FCEAF9\" class=\"has-text-align-center\" data-align=\"center\">X<\/td>\n\t\t<td class=\"has-text-align-center\" data-align=\"center\">2<\/td>\n\t\t<td>*einj\u00e4hrig<\/td>\n\t<\/tr>\n\n\t<!--Zeile 15-->\n\t<tr>\n\t\t<td>International Business Studies<\/td>\n\t\t<td bgcolor=\"#FBE4D5\" class=\"has-text-align-center\" data-align=\"center\">X<\/td>\n\t\t<td bgcolor=\"#D9E2F3\" class=\"has-text-align-center\" data-align=\"center\">X<\/td>\n\t\t<td bgcolor=\"#FFF2CC\" class=\"has-text-align-center\" data-align=\"center\">X<\/td>\n\t\t<td bgcolor=\"#FCEAF9\" class=\"has-text-align-center\" data-align=\"center\">X<\/td>\n\t\t<td class=\"has-text-align-center\" data-align=\"center\">2<\/td>\n\t\t<td>bilingualer Unterricht<br>*einj\u00e4hrig<\/td>\n\t<\/tr>\n\n\t<!--Zeile 16-->\n\t<tr>\n\t\t<td>Aspekte der Biologie<\/td>\n\t\t<td bgcolor=\"#FBE4D5\" class=\"has-text-align-center\" data-align=\"center\">X<\/td>\n\t\t<td bgcolor=\"#D9E2F3\" class=\"has-text-align-center\" data-align=\"center\">X<\/td>\n\t\t<td bgcolor=\"#FFF2CC\"><\/td>\n\t\t<td bgcolor=\"#FCEAF9\"><\/td>\n\t\t<td class=\"has-text-align-center\" data-align=\"center\">2<\/td>\n\t\t<td>*einj\u00e4hrig<\/td>\n\t<\/tr>\n\n\t<!--Zeile 17-->\n\t<tr>\n\t\t<td>Aspekte der Psychologie<\/td>\n\t\t<td bgcolor=\"#FBE4D5\" class=\"has-text-align-center\" data-align=\"center\">X<\/td>\n\t\t<td bgcolor=\"#D9E2F3\" class=\"has-text-align-center\" data-align=\"center\">X<\/td>\n\t\t<td bgcolor=\"#FFF2CC\"><\/td>\n\t\t<td bgcolor=\"#FCEAF9\" class=\"has-text-align-center\" data-align=\"center\">X<\/td>\n\t\t<td class=\"has-text-align-center\" data-align=\"center\">2<\/td>\n\t\t<td>*einj\u00e4hrig<\/td>\n\t\n<\/tr>\n\n\n<!--Zeile 19-->\n\t<tr>\n\t\t<td>Soziologie<\/td>\n\t\t<td class=\"has-text-align-center\" data-align=\"center\" bgcolor=\"#FBE4D5\">X<\/td>\n\t\t<td class=\"has-text-align-center\" data-align=\"center\" bgcolor=\"#D9E2F3\">X<\/td>\n\t\t<td bgcolor=\"#FFF2CC\"><\/td>\n\t\t<td class=\"has-text-align-center\" data-align=\"center\" bgcolor=\"#FCEAF9\">X<\/td>\n\t\t<td class=\"has-text-align-center\" data-align=\"center\">2<\/td>\n\t\t<td>*einj\u00e4hrig<\/td>\n\t<\/tr>\n\n\t<!--Zeile 20-->\n\t<tr>\n\t\t<td>Musik<\/td>\n\t\t<td bgcolor=\"#FBE4D5\" class=\"has-text-align-center\" data-align=\"center\">X<\/td>\n\t\t<td bgcolor=\"#D9E2F3\" class=\"has-text-align-center\" data-align=\"center\">X<\/td>\n\t\t<td bgcolor=\"#FFF2CC\" class=\"has-text-align-center\" data-align=\"center\">X<\/td>\n\t\t<td bgcolor=\"#FCEAF9\" class=\"has-text-align-center\" data-align=\"center\">X<\/td>\n\t\t<td class=\"has-text-align-center\" data-align=\"center\">2<\/td>\n\t\t<td>nicht einbringungsf\u00e4hig<br>*einj\u00e4hrig<\/td>\n\t<\/tr>\n\n\n\n<\/tbody><\/table>\n\n<\/figure>\n\n\n<p>F\u00fcr weitere Informationen zu den Lernbereichen des jeweiligen Wahlpflichtfachs klicken Sie <a href=\"https:\/\/bos-scheyern.de\/bo\/wp-content\/uploads\/2026\/01\/Kurswahinfo_Jgs13-Homepage-1-1.pdf\" target=\"_blank\" rel=\"noopener\">hier.<\/a><\/p>\n<p>Weitere Informationen zu den Fachlehrpl\u00e4nen erhalten Sie unter <a href=\"https:\/\/www.lehrplanplus.bayern.de\/schulart\/fos\/inhalt\/fachlehrplaene\" target=\"_blank\" rel=\"noopener noreferrer\">https:\/\/www.lehrplanplus.bayern.de\/schulart\/fos\/inhalt\/fachlehrplaene<\/a>.<\/p>","protected":false},"excerpt":{"rendered":"<p>(nach FOBOSO \u00a712) FOS- und BOS Sch\u00fcler belegen in der 13. Klasse ein Wahlpflichtfach (zus\u00e4tzlich zum Seminarfach). Es d\u00fcrfen einj\u00e4hrige WPF (siehe Tabelle \u201eBesonderheiten\u201c) nicht nochmal belegt werden, wenn Sie <a class=\"more-link\" href=\"https:\/\/bos-scheyern.de\/bo\/?page_id=3855\">weiterlesen<span class=\"screen-reader-text\">Wahlpflichtf\u00e4cher Jahrgangsstufe 13<\/span><span class=\"meta-nav\">\u2192<\/span><\/a><\/p>\n","protected":false},"author":13,"featured_media":0,"parent":0,"menu_order":32,"comment_status":"closed","ping_status":"closed","template":"","meta":[],"_links":{"self":[{"href":"https:\/\/bos-scheyern.de\/bo\/index.php?rest_route=\/wp\/v2\/pages\/3855"}],"collection":[{"href":"https:\/\/bos-scheyern.de\/bo\/index.php?rest_route=\/wp\/v2\/pages"}],"about":[{"href":"https:\/\/bos-scheyern.de\/bo\/index.php?rest_route=\/wp\/v2\/types\/page"}],"author":[{"embeddable":true,"href":"https:\/\/bos-scheyern.de\/bo\/index.php?rest_route=\/wp\/v2\/users\/13"}],"replies":[{"embeddable":true,"href":"https:\/\/bos-scheyern.de\/bo\/index.php?rest_route=%2Fwp%2Fv2%2Fcomments&post=3855"}],"version-history":[{"count":18,"href":"https:\/\/bos-scheyern.de\/bo\/index.php?rest_route=\/wp\/v2\/pages\/3855\/revisions"}],"predecessor-version":[{"id":6894,"href":"https:\/\/bos-scheyern.de\/bo\/index.php?rest_route=\/wp\/v2\/pages\/3855\/revisions\/6894"}],"wp:attachment":[{"href":"https:\/\/bos-scheyern.de\/bo\/index.php?rest_route=%2Fwp%2Fv2%2Fmedia&parent=3855"}],"curies":[{"name":"wp","href":"https:\/\/api.w.org\/{rel}","templated":true}]}}