{"id":4964,"date":"2022-10-10T19:31:33","date_gmt":"2022-10-10T17:31:33","guid":{"rendered":"https:\/\/bos-scheyern.de\/bo\/?page_id=4964"},"modified":"2022-10-13T15:43:31","modified_gmt":"2022-10-13T13:43:31","slug":"fahrtkostenerstattung","status":"publish","type":"page","link":"https:\/\/bos-scheyern.de\/bo\/?page_id=4964","title":{"rendered":"Fahrtkostenerstattung"},"content":{"rendered":"\n<p>Sie m\u00f6chten sich dar\u00fcber informieren, unter welchen Bedingungen die Fahrtkosten erstattet werden, wann Sie den Antrag abgeben m\u00fcssen und wo Sie alle notwendigen Antr\u00e4ge finden? Alle relevanten Informationen dazu finden Sie auf der Internetseite des Landratsamts Ihres jeweiligen Heimatlandkreises. <\/p>\n\n\n\n<p>Hier erhalten Sie alle wichtigen Informationen des Landratsamts Pfaffenhofen.<\/p>\n\n\n\n<p><a href=\"https:\/\/www.landkreis-pfaffenhofen.de\/leben\/bildung\/schulen\/schuelerbefoerderung\/?erstattungsfaehige-schuelerinnen&amp;orga=29574\">N\u00e4here Informationen<\/a><\/p>\n","protected":false},"excerpt":{"rendered":"<p>Sie m\u00f6chten sich dar\u00fcber informieren, unter welchen Bedingungen die Fahrtkosten erstattet werden, wann Sie den Antrag abgeben m\u00fcssen und wo Sie alle notwendigen Antr\u00e4ge finden? Alle relevanten Informationen dazu finden <a class=\"more-link\" href=\"https:\/\/bos-scheyern.de\/bo\/?page_id=4964\">weiterlesen<span class=\"screen-reader-text\">Fahrtkostenerstattung<\/span><span class=\"meta-nav\">\u2192<\/span><\/a><\/p>\n","protected":false},"author":14,"featured_media":0,"parent":4976,"menu_order":26,"comment_status":"closed","ping_status":"closed","template":"","meta":[],"_links":{"self":[{"href":"https:\/\/bos-scheyern.de\/bo\/index.php?rest_route=\/wp\/v2\/pages\/4964"}],"collection":[{"href":"https:\/\/bos-scheyern.de\/bo\/index.php?rest_route=\/wp\/v2\/pages"}],"about":[{"href":"https:\/\/bos-scheyern.de\/bo\/index.php?rest_route=\/wp\/v2\/types\/page"}],"author":[{"embeddable":true,"href":"https:\/\/bos-scheyern.de\/bo\/index.php?rest_route=\/wp\/v2\/users\/14"}],"replies":[{"embeddable":true,"href":"https:\/\/bos-scheyern.de\/bo\/index.php?rest_route=%2Fwp%2Fv2%2Fcomments&post=4964"}],"version-history":[{"count":3,"href":"https:\/\/bos-scheyern.de\/bo\/index.php?rest_route=\/wp\/v2\/pages\/4964\/revisions"}],"predecessor-version":[{"id":4993,"href":"https:\/\/bos-scheyern.de\/bo\/index.php?rest_route=\/wp\/v2\/pages\/4964\/revisions\/4993"}],"up":[{"embeddable":true,"href":"https:\/\/bos-scheyern.de\/bo\/index.php?rest_route=\/wp\/v2\/pages\/4976"}],"wp:attachment":[{"href":"https:\/\/bos-scheyern.de\/bo\/index.php?rest_route=%2Fwp%2Fv2%2Fmedia&parent=4964"}],"curies":[{"name":"wp","href":"https:\/\/api.w.org\/{rel}","templated":true}]}}