{"id":5105,"date":"2022-12-15T12:30:36","date_gmt":"2022-12-15T11:30:36","guid":{"rendered":"https:\/\/bos-scheyern.de\/bo\/?page_id=5105"},"modified":"2025-11-14T10:27:16","modified_gmt":"2025-11-14T09:27:16","slug":"stundenplan","status":"publish","type":"page","link":"https:\/\/bos-scheyern.de\/bo\/?page_id=5105","title":{"rendered":"Stundenplan"},"content":{"rendered":"\n<p>Hier finden Sie den tagesaktuellen Stundenplan der FOSBOS Scheyern:<\/p>\n\n\n\n<div style=\"height:15px\" aria-hidden=\"true\" class=\"wp-block-spacer\"><\/div>\n\n\n\n<div class=\"wp-block-buttons\">\n<div class=\"wp-block-button has-custom-font-size is-style-outline has-normal-font-size\"><a class=\"wp-block-button__link no-border-radius\" href=\"https:\/\/scheyern.webuntis.com\/WebUntis\/#\/basic\/login\" target=\"_blank\" rel=\"noreferrer noopener\">WebUntis<\/a><\/div>\n<\/div>\n\n\n\n<div style=\"height:15px\" aria-hidden=\"true\" class=\"wp-block-spacer\"><\/div>\n\n\n\n<p>Um diesen als Sch\u00fclerin\/Sch\u00fcler aufrufen zu k\u00f6nnen, w\u00e4hlen Sie die &#8222;Office 365 Anmeldung&#8220; aus. Geben Sie dann Ihre pers\u00f6nlichen Zugangsdaten ein. <\/p>\n","protected":false},"excerpt":{"rendered":"<p>Hier finden Sie den tagesaktuellen Stundenplan der FOSBOS Scheyern: Um diesen als Sch\u00fclerin\/Sch\u00fcler aufrufen zu k\u00f6nnen, w\u00e4hlen Sie die &#8222;Office 365 Anmeldung&#8220; aus. Geben Sie dann Ihre pers\u00f6nlichen Zugangsdaten ein.<\/p>\n","protected":false},"author":14,"featured_media":0,"parent":0,"menu_order":24,"comment_status":"closed","ping_status":"closed","template":"","meta":[],"_links":{"self":[{"href":"https:\/\/bos-scheyern.de\/bo\/index.php?rest_route=\/wp\/v2\/pages\/5105"}],"collection":[{"href":"https:\/\/bos-scheyern.de\/bo\/index.php?rest_route=\/wp\/v2\/pages"}],"about":[{"href":"https:\/\/bos-scheyern.de\/bo\/index.php?rest_route=\/wp\/v2\/types\/page"}],"author":[{"embeddable":true,"href":"https:\/\/bos-scheyern.de\/bo\/index.php?rest_route=\/wp\/v2\/users\/14"}],"replies":[{"embeddable":true,"href":"https:\/\/bos-scheyern.de\/bo\/index.php?rest_route=%2Fwp%2Fv2%2Fcomments&post=5105"}],"version-history":[{"count":12,"href":"https:\/\/bos-scheyern.de\/bo\/index.php?rest_route=\/wp\/v2\/pages\/5105\/revisions"}],"predecessor-version":[{"id":6810,"href":"https:\/\/bos-scheyern.de\/bo\/index.php?rest_route=\/wp\/v2\/pages\/5105\/revisions\/6810"}],"wp:attachment":[{"href":"https:\/\/bos-scheyern.de\/bo\/index.php?rest_route=%2Fwp%2Fv2%2Fmedia&parent=5105"}],"curies":[{"name":"wp","href":"https:\/\/api.w.org\/{rel}","templated":true}]}}