{"id":5163,"date":"2023-01-11T20:04:26","date_gmt":"2023-01-11T19:04:26","guid":{"rendered":"https:\/\/bos-scheyern.de\/bo\/?page_id=5163"},"modified":"2026-01-30T23:13:38","modified_gmt":"2026-01-30T22:13:38","slug":"informationsveranstaltungen","status":"publish","type":"page","link":"https:\/\/bos-scheyern.de\/bo\/?page_id=5163","title":{"rendered":"Informationsveranstaltungen"},"content":{"rendered":"\n<div style=\"height:20px\" aria-hidden=\"true\" class=\"wp-block-spacer\"><\/div>\n\n\n\n<div style=\"height:21px\" aria-hidden=\"true\" class=\"wp-block-spacer\"><\/div>\n\n\n\n<p>Sie haben individuelle Fragen oder m\u00f6chten uns n\u00e4her kennenlernen?  &#8211; Gerne beraten wir Sie pers\u00f6nlich!<\/p>\n\n\n\n<p>Nehmen Sie dazu Kontakt mit uns auf!<\/p>\n\n\n\n<p>Wir freuen uns auf Sie!<\/p>\n","protected":false},"excerpt":{"rendered":"<p>Sie haben individuelle Fragen oder m\u00f6chten uns n\u00e4her kennenlernen? &#8211; Gerne beraten wir Sie pers\u00f6nlich! Nehmen Sie dazu Kontakt mit uns auf! Wir freuen uns auf Sie!<\/p>\n","protected":false},"author":14,"featured_media":0,"parent":0,"menu_order":22,"comment_status":"closed","ping_status":"closed","template":"","meta":[],"_links":{"self":[{"href":"https:\/\/bos-scheyern.de\/bo\/index.php?rest_route=\/wp\/v2\/pages\/5163"}],"collection":[{"href":"https:\/\/bos-scheyern.de\/bo\/index.php?rest_route=\/wp\/v2\/pages"}],"about":[{"href":"https:\/\/bos-scheyern.de\/bo\/index.php?rest_route=\/wp\/v2\/types\/page"}],"author":[{"embeddable":true,"href":"https:\/\/bos-scheyern.de\/bo\/index.php?rest_route=\/wp\/v2\/users\/14"}],"replies":[{"embeddable":true,"href":"https:\/\/bos-scheyern.de\/bo\/index.php?rest_route=%2Fwp%2Fv2%2Fcomments&post=5163"}],"version-history":[{"count":21,"href":"https:\/\/bos-scheyern.de\/bo\/index.php?rest_route=\/wp\/v2\/pages\/5163\/revisions"}],"predecessor-version":[{"id":6925,"href":"https:\/\/bos-scheyern.de\/bo\/index.php?rest_route=\/wp\/v2\/pages\/5163\/revisions\/6925"}],"wp:attachment":[{"href":"https:\/\/bos-scheyern.de\/bo\/index.php?rest_route=%2Fwp%2Fv2%2Fmedia&parent=5163"}],"curies":[{"name":"wp","href":"https:\/\/api.w.org\/{rel}","templated":true}]}}