{"id":6052,"date":"2024-07-26T09:22:00","date_gmt":"2024-07-26T07:22:00","guid":{"rendered":"https:\/\/bos-scheyern.de\/bo\/?page_id=6052"},"modified":"2024-07-26T09:28:40","modified_gmt":"2024-07-26T07:28:40","slug":"unag-gemeinsam-fuer-umwelt-und-nachhaltigkeit","status":"publish","type":"page","link":"https:\/\/bos-scheyern.de\/bo\/?page_id=6052","title":{"rendered":"UNAG &#8211; Gemeinsam f\u00fcr Umwelt und Nachhaltigkeit"},"content":{"rendered":"\n<div style=\"height:20px\" aria-hidden=\"true\" class=\"wp-block-spacer\"><\/div>\n\n\n\n<div class=\"wp-block-columns\">\n<div class=\"wp-block-column\" style=\"flex-basis:66.66%\">\n<div style=\"height:100px\" aria-hidden=\"true\" class=\"wp-block-spacer\"><\/div>\n\n\n\n<blockquote class=\"wp-block-quote has-text-align-center is-style-large\"><p>&#8222;Kleine Schritte sind besser als keine.&#8220;<\/p><cite><em>John P. Murphy<\/em><\/cite><\/blockquote>\n<\/div>\n\n\n\n<div class=\"wp-block-column\" style=\"flex-basis:33.33%\">\n<div class=\"wp-block-image is-style-default\"><figure class=\"alignleft size-large\"><img loading=\"lazy\" width=\"1024\" height=\"1024\" src=\"https:\/\/bos-scheyern.de\/bo\/wp-content\/uploads\/2024\/07\/Logo-UNAG-1-1024x1024.png\" alt=\"\" class=\"wp-image-6054\" srcset=\"https:\/\/bos-scheyern.de\/bo\/wp-content\/uploads\/2024\/07\/Logo-UNAG-1-1024x1024.png 1024w, https:\/\/bos-scheyern.de\/bo\/wp-content\/uploads\/2024\/07\/Logo-UNAG-1-300x300.png 300w, https:\/\/bos-scheyern.de\/bo\/wp-content\/uploads\/2024\/07\/Logo-UNAG-1-768x768.png 768w, https:\/\/bos-scheyern.de\/bo\/wp-content\/uploads\/2024\/07\/Logo-UNAG-1-1536x1536.png 1536w, https:\/\/bos-scheyern.de\/bo\/wp-content\/uploads\/2024\/07\/Logo-UNAG-1.png 2000w\" sizes=\"(max-width: 1024px) 100vw, 1024px\" \/><\/figure><\/div>\n<\/div>\n<\/div>\n\n\n\n<div class=\"wp-block-columns\">\n<div class=\"wp-block-column\" style=\"flex-basis:66.66%\">\n<figure class=\"wp-block-image size-large is-style-default\"><img loading=\"lazy\" width=\"1024\" height=\"686\" src=\"https:\/\/bos-scheyern.de\/bo\/wp-content\/uploads\/2024\/07\/20240618_161424_HDR-scaled-e1721896240452-1024x686.jpg\" alt=\"\" class=\"wp-image-6059\" srcset=\"https:\/\/bos-scheyern.de\/bo\/wp-content\/uploads\/2024\/07\/20240618_161424_HDR-scaled-e1721896240452-1024x686.jpg 1024w, https:\/\/bos-scheyern.de\/bo\/wp-content\/uploads\/2024\/07\/20240618_161424_HDR-scaled-e1721896240452-300x201.jpg 300w, https:\/\/bos-scheyern.de\/bo\/wp-content\/uploads\/2024\/07\/20240618_161424_HDR-scaled-e1721896240452-768x515.jpg 768w, https:\/\/bos-scheyern.de\/bo\/wp-content\/uploads\/2024\/07\/20240618_161424_HDR-scaled-e1721896240452-1536x1030.jpg 1536w, https:\/\/bos-scheyern.de\/bo\/wp-content\/uploads\/2024\/07\/20240618_161424_HDR-scaled-e1721896240452-2048x1373.jpg 2048w\" sizes=\"(max-width: 1024px) 100vw, 1024px\" \/><\/figure>\n<\/div>\n\n\n\n<div class=\"wp-block-column\" style=\"flex-basis:33.33%\">\n<div style=\"height:116px\" aria-hidden=\"true\" class=\"wp-block-spacer\"><\/div>\n\n\n\n<p><strong>Wer<\/strong> <strong>sind wir?<\/strong><\/p>\n\n\n\n<p>Die UNAG ist die Arbeitsgemeinschaft Umwelt und Nachhaltigkeit an der Beruflichen Oberschule Scheyern, die es seit 2019 gibt. <\/p>\n<\/div>\n<\/div>\n\n\n\n<div style=\"height:21px\" aria-hidden=\"true\" class=\"wp-block-spacer\"><\/div>\n\n\n\n<div class=\"wp-block-columns\">\n<div class=\"wp-block-column\" style=\"flex-basis:33.33%\">\n<p> <\/p>\n\n\n\n<div style=\"height:200px\" aria-hidden=\"true\" class=\"wp-block-spacer\"><\/div>\n\n\n\n<p><strong>Warum ist uns das wichtig?<\/strong><\/p>\n\n\n\n<p>Nachhaltigkeit und Umweltbewusstsein sind Themen, die jeden von uns betreffen. Unser Ziel ist es, diesen Gedanken in den Alltag der gesamten Schulgemeinschaft zu integrieren. <\/p>\n<\/div>\n\n\n\n<div class=\"wp-block-column\" style=\"flex-basis:66.66%\">\n<figure class=\"wp-block-image size-large is-resized is-style-default\"><img loading=\"lazy\" src=\"https:\/\/bos-scheyern.de\/bo\/wp-content\/uploads\/2024\/07\/20240513_154435-768x1024.jpg\" alt=\"\" class=\"wp-image-6077\" width=\"384\" height=\"512\" srcset=\"https:\/\/bos-scheyern.de\/bo\/wp-content\/uploads\/2024\/07\/20240513_154435-768x1024.jpg 768w, https:\/\/bos-scheyern.de\/bo\/wp-content\/uploads\/2024\/07\/20240513_154435-225x300.jpg 225w, https:\/\/bos-scheyern.de\/bo\/wp-content\/uploads\/2024\/07\/20240513_154435-1152x1536.jpg 1152w, https:\/\/bos-scheyern.de\/bo\/wp-content\/uploads\/2024\/07\/20240513_154435-1536x2048.jpg 1536w, https:\/\/bos-scheyern.de\/bo\/wp-content\/uploads\/2024\/07\/20240513_154435-scaled.jpg 1920w\" sizes=\"(max-width: 384px) 100vw, 384px\" \/><\/figure>\n\n\n\n<p><\/p>\n<\/div>\n<\/div>\n\n\n\n<div class=\"wp-block-columns\">\n<div class=\"wp-block-column\" style=\"flex-basis:100%\">\n<div class=\"wp-container-69edbc22bb62d wp-block-group alignfull has-white-background-color has-background\" style=\"padding-top:6vw;padding-right:6vw;padding-bottom:6vw;padding-left:6vw\"><div class=\"wp-block-group__inner-container\">\n<div class=\"wp-container-69edbc22bb531 wp-block-group alignwide\" style=\"padding-top:0;padding-right:0;padding-bottom:0;padding-left:0\"><div class=\"wp-block-group__inner-container\">\n<div class=\"wp-block-columns alignwide\">\n<div class=\"wp-block-column\" style=\"flex-basis:69%\">\n<figure class=\"wp-block-image size-large\"><img loading=\"lazy\" width=\"768\" height=\"1024\" src=\"https:\/\/bos-scheyern.de\/bo\/wp-content\/uploads\/2024\/07\/20240513_160745_HDR-768x1024.jpg\" alt=\"\" class=\"wp-image-6062\" srcset=\"https:\/\/bos-scheyern.de\/bo\/wp-content\/uploads\/2024\/07\/20240513_160745_HDR-768x1024.jpg 768w, https:\/\/bos-scheyern.de\/bo\/wp-content\/uploads\/2024\/07\/20240513_160745_HDR-225x300.jpg 225w, https:\/\/bos-scheyern.de\/bo\/wp-content\/uploads\/2024\/07\/20240513_160745_HDR-1152x1536.jpg 1152w, https:\/\/bos-scheyern.de\/bo\/wp-content\/uploads\/2024\/07\/20240513_160745_HDR-1536x2048.jpg 1536w, https:\/\/bos-scheyern.de\/bo\/wp-content\/uploads\/2024\/07\/20240513_160745_HDR-scaled.jpg 1920w\" sizes=\"(max-width: 768px) 100vw, 768px\" \/><\/figure>\n<\/div>\n\n\n\n<div class=\"wp-block-column is-vertically-aligned-center\" style=\"flex-basis:33%\">\n<div style=\"height:100px\" aria-hidden=\"true\" class=\"wp-block-spacer\"><\/div>\n\n\n\n<p class=\"has-text-color\" style=\"color:#000000;font-size:17px\"><strong>Wie arbeiten wir?<\/strong><\/p>\n\n\n\n<p>Gemeinsam! Wir setzen die Ma\u00dfnahmen und Projekte um, die wir selbst f\u00fcr richtig und gut halten und bestimmen dabei selbst, wie wir uns organisieren. Au\u00dferdem haben wir eine Menge Spa\u00df dabei!<\/p>\n<\/div>\n<\/div>\n<\/div><\/div>\n<style>.wp-container-69edbc22bb531 .alignleft { float: left; margin-right: 2em; }.wp-container-69edbc22bb531 .alignright { float: right; margin-left: 2em; }<\/style><\/div><\/div>\n<style>.wp-container-69edbc22bb62d .alignleft { float: left; margin-right: 2em; }.wp-container-69edbc22bb62d .alignright { float: right; margin-left: 2em; }<\/style><\/div>\n<\/div>\n","protected":false},"excerpt":{"rendered":"<p>&#8222;Kleine Schritte sind besser als keine.&#8220; John P. Murphy Wer sind wir? Die UNAG ist die Arbeitsgemeinschaft Umwelt und Nachhaltigkeit an der Beruflichen Oberschule Scheyern, die es seit 2019 gibt. <a class=\"more-link\" href=\"https:\/\/bos-scheyern.de\/bo\/?page_id=6052\">weiterlesen<span class=\"screen-reader-text\">UNAG &#8211; Gemeinsam f\u00fcr Umwelt und Nachhaltigkeit<\/span><span class=\"meta-nav\">\u2192<\/span><\/a><\/p>\n","protected":false},"author":14,"featured_media":0,"parent":0,"menu_order":11,"comment_status":"closed","ping_status":"closed","template":"","meta":[],"_links":{"self":[{"href":"https:\/\/bos-scheyern.de\/bo\/index.php?rest_route=\/wp\/v2\/pages\/6052"}],"collection":[{"href":"https:\/\/bos-scheyern.de\/bo\/index.php?rest_route=\/wp\/v2\/pages"}],"about":[{"href":"https:\/\/bos-scheyern.de\/bo\/index.php?rest_route=\/wp\/v2\/types\/page"}],"author":[{"embeddable":true,"href":"https:\/\/bos-scheyern.de\/bo\/index.php?rest_route=\/wp\/v2\/users\/14"}],"replies":[{"embeddable":true,"href":"https:\/\/bos-scheyern.de\/bo\/index.php?rest_route=%2Fwp%2Fv2%2Fcomments&post=6052"}],"version-history":[{"count":25,"href":"https:\/\/bos-scheyern.de\/bo\/index.php?rest_route=\/wp\/v2\/pages\/6052\/revisions"}],"predecessor-version":[{"id":6087,"href":"https:\/\/bos-scheyern.de\/bo\/index.php?rest_route=\/wp\/v2\/pages\/6052\/revisions\/6087"}],"wp:attachment":[{"href":"https:\/\/bos-scheyern.de\/bo\/index.php?rest_route=%2Fwp%2Fv2%2Fmedia&parent=6052"}],"curies":[{"name":"wp","href":"https:\/\/api.w.org\/{rel}","templated":true}]}}