{"id":6384,"date":"2025-01-13T08:55:31","date_gmt":"2025-01-13T07:55:31","guid":{"rendered":"https:\/\/bos-scheyern.de\/bo\/?page_id=6384"},"modified":"2025-01-13T08:55:32","modified_gmt":"2025-01-13T07:55:32","slug":"kooperation-zwischen-eltern-und-schule-kesch","status":"publish","type":"page","link":"https:\/\/bos-scheyern.de\/bo\/?page_id=6384","title":{"rendered":"Kooperation zwischen Eltern und Schule (KESCH)"},"content":{"rendered":"\n<div class=\"wp-block-image is-style-default\"><figure class=\"aligncenter size-full is-resized\"><img loading=\"lazy\" src=\"https:\/\/bos-scheyern.de\/bo\/wp-content\/uploads\/2025\/01\/KESCH.jpg\" alt=\"\" class=\"wp-image-6385\" width=\"575\" height=\"432\" srcset=\"https:\/\/bos-scheyern.de\/bo\/wp-content\/uploads\/2025\/01\/KESCH.jpg 1024w, https:\/\/bos-scheyern.de\/bo\/wp-content\/uploads\/2025\/01\/KESCH-300x225.jpg 300w, https:\/\/bos-scheyern.de\/bo\/wp-content\/uploads\/2025\/01\/KESCH-200x150.jpg 200w, https:\/\/bos-scheyern.de\/bo\/wp-content\/uploads\/2025\/01\/KESCH-768x576.jpg 768w\" sizes=\"(max-width: 575px) 100vw, 575px\" \/><\/figure><\/div>\n\n\n\n<p>Die Kooperation Eltern und Schule (KESCH) steht f\u00fcr eine offene, vertrauensvolle und konstruktive Zusammenarbeit zwischen den Eltern\/Erziehungsberechtigen und der Beruflichen Oberschule Scheyern. Um diese erfolgreich zu gestalten, stehen vielf\u00e4ltige Kommunikationswege zur Verf\u00fcgung, wie z.B. der pers\u00f6nliche Kontakt im Rahmen von Elterngespr\u00e4chen, der digitale Informationsaustausch und die Kontaktaufnahme \u00fcber den Elternbeirat.<\/p>\n\n\n\n<p>Als Berufliche Oberschule ist es uns ein gro\u00dfes Anliegen, gemeinsam mit den Eltern und Erziehungsberechtigten die nahezu vollj\u00e4hrigen Jugendlichen auf ihrem Weg zu selbstst\u00e4ndigen und verantwortungsbewussten Pers\u00f6nlichkeiten zu begleiten.<\/p>\n\n\n\n<p>Haben Sie Anregungen f\u00fcr die Zusammenarbeit zwischen Elternhaus und Schule? Dann nehmen Sie mit uns gerne Kontakt auf!<\/p>\n\n\n\n<p>Johanna Reitinger<\/p>\n\n\n\n<p>KESCH-Beauftragte<\/p>\n\n\n\n<p>E-Mail: <a href=\"mailto:johanna.reitinger@fosbos-scheyern.de\">johanna.reitinger@fosbos-scheyern.de<\/a><\/p>\n","protected":false},"excerpt":{"rendered":"<p>Die Kooperation Eltern und Schule (KESCH) steht f\u00fcr eine offene, vertrauensvolle und konstruktive Zusammenarbeit zwischen den Eltern\/Erziehungsberechtigen und der Beruflichen Oberschule Scheyern. Um diese erfolgreich zu gestalten, stehen vielf\u00e4ltige Kommunikationswege <a class=\"more-link\" href=\"https:\/\/bos-scheyern.de\/bo\/?page_id=6384\">weiterlesen<span class=\"screen-reader-text\">Kooperation zwischen Eltern und Schule (KESCH)<\/span><span class=\"meta-nav\">\u2192<\/span><\/a><\/p>\n","protected":false},"author":14,"featured_media":0,"parent":0,"menu_order":3,"comment_status":"closed","ping_status":"closed","template":"","meta":[],"_links":{"self":[{"href":"https:\/\/bos-scheyern.de\/bo\/index.php?rest_route=\/wp\/v2\/pages\/6384"}],"collection":[{"href":"https:\/\/bos-scheyern.de\/bo\/index.php?rest_route=\/wp\/v2\/pages"}],"about":[{"href":"https:\/\/bos-scheyern.de\/bo\/index.php?rest_route=\/wp\/v2\/types\/page"}],"author":[{"embeddable":true,"href":"https:\/\/bos-scheyern.de\/bo\/index.php?rest_route=\/wp\/v2\/users\/14"}],"replies":[{"embeddable":true,"href":"https:\/\/bos-scheyern.de\/bo\/index.php?rest_route=%2Fwp%2Fv2%2Fcomments&post=6384"}],"version-history":[{"count":1,"href":"https:\/\/bos-scheyern.de\/bo\/index.php?rest_route=\/wp\/v2\/pages\/6384\/revisions"}],"predecessor-version":[{"id":6386,"href":"https:\/\/bos-scheyern.de\/bo\/index.php?rest_route=\/wp\/v2\/pages\/6384\/revisions\/6386"}],"wp:attachment":[{"href":"https:\/\/bos-scheyern.de\/bo\/index.php?rest_route=%2Fwp%2Fv2%2Fmedia&parent=6384"}],"curies":[{"name":"wp","href":"https:\/\/api.w.org\/{rel}","templated":true}]}}