{"id":1867,"date":"2017-02-19T17:43:55","date_gmt":"2017-02-19T16:43:55","guid":{"rendered":"https:\/\/bos-scheyern.de\/sz\/?page_id=1867"},"modified":"2022-10-02T06:47:01","modified_gmt":"2022-10-02T04:47:01","slug":"slider","status":"publish","type":"page","link":"https:\/\/bos-scheyern.de\/sz\/","title":{"rendered":"letzte Artikel der Sch\u00fclerzeitung"},"content":{"rendered":"<!-- This slideshow output is generated with Advanced post slider a multipurpose responsive WordPress slideshow plugin - http:\/\/www.wpcue.com\/wordpress-plugins\/advanced-post-slider\/ -->\r\n<style>\r\n#advps_container1 .bx-wrapper .bx-viewport {\r\n\t\t-moz-box-shadow: 0px 1px 4px #000000;\r\n\t-webkit-box-shadow: 0px 1px 4px #000000;\r\n\tbox-shadow: 0px 1px 4px #000000;\r\n\t\tborder: 0px solid #444444;\r\n\t\tbackground:#FFFFFF;\r\n}\r\n#advps_container1 .bx-wrapper .bx-pager{\r\n\ttext-align: center;\r\n\t;\r\n}\r\n#advps_container1 .bx-wrapper .bx-pager\r\n{\r\n\tbottom:-35px;\r\n\tz-index:999;\r\n}\r\n#advps_container1 .bx-wrapper .bx-controls-auto\r\n{\r\n\tbottom:6px;\r\n}\r\n#advps_container1 .bx-wrapper .bx-controls.bx-has-controls-auto.bx-has-pager .bx-pager {\r\n\ttext-align: center;\r\n}\r\n#advps_container1 .bx-wrapper .bx-controls-auto {\r\n\tz-index:99999;\r\n\ttext-align:center;width:100%;}\r\n\r\n#advps_container1 .bx-wrapper .bx-pager.bx-default-pager a {\r\n\tbackground: #666;\r\n\ttext-indent: -9999px;\r\n\tdisplay: block;\r\n\twidth: 10px;\r\n\theight: 10px;\r\n\tmargin: 0 5px;\r\n\toutline: 0;\r\n\t-moz-border-radius: 5px;\r\n\t-webkit-border-radius: 5px;\r\n\tborder-radius: 5px;\r\n\ttext-align:left;\r\n}\r\n#advps_container1 .bx-wrapper .bx-pager.bx-default-pager a:hover,\r\n#advps_container1 .bx-wrapper .bx-pager.bx-default-pager a.active {\r\n\tbackground: #000;\r\n}\r\n\r\n\/* thumbnail pager*\/\r\n#advps_container1 #bx-pager\r\n{\r\n\twidth:100%;\r\n\tposition:absolute;\r\n\tbottom:-35px;\r\n    text-align: center;\r\n\tz-index: 9999;\r\n}\r\n#advps_container1 #bx-pager a img\r\n{\r\n\tborder: 1px solid #CCCCCC;\r\n    padding: 3px;\r\n}\r\n#advps_container1 #bx-pager a:hover img, #advps_container1 #bx-pager a.active img\r\n{\r\n\tborder: 1px solid #666666;\r\n}\r\n\/* medai queries *\/\r\n#advps_container1 .advs-title,#advps_container1 .advs-title a\r\n{\r\n\tfont-size:20px;\r\n\tline-height:20px;\r\n}\r\n#advps_container1 .advps-slide p\r\n{\r\n\tfont-size:15px;\r\n\tline-height:15px;\r\n}\r\n@media screen and (max-width: 1024px){\r\n\t#advps_container1 .advs-title,#advps_container1 .advs-title a\r\n\t{\r\n\t\tfont-size:16px;\r\n\t\tline-height:16px;\r\n\t}\r\n\t#advps_container1 .advps-slide p\r\n\t{\r\n\t\tfont-size:13px;\r\n\t\tline-height:13px;\r\n\t}\r\n}\r\n@media screen and (max-width: 768px){\r\n\t#advps_container1 h2.advs-title, #advps_container1 h2.advs-title a\r\n\t{\r\n\t\tfont-size:16px;\r\n\t\tline-height:16px;\r\n\t}\r\n\t#advps_container1 .advps-slide p\r\n\t{\r\n\t\tfont-size:12px;\r\n\t\tline-height:12px;\r\n\t}\r\n}\r\n@media screen and (max-width: 650px){\r\n\t#advps_container1 h2.advs-title, #advps_container1 h2.advs-title a\r\n\t{\r\n\t\tfont-size:12px;\r\n\t\tline-height:12px;\r\n\t}\r\n\t#advps_container1 .advps-slide p\r\n\t{\r\n\t\tfont-size:11px;\r\n\t\tline-height:11px;\r\n\t}\r\n}\r\n@media screen and (max-width: 480px){\r\n\t#advps_container1 h2.advs-title, #advps_container1 h2.advs-title a\r\n\t{\r\n\t\tfont-size:8px;\r\n\t\tline-height:8px;\r\n\t}\r\n\t#advps_container1 .advps-slide p\r\n\t{\r\n\t\tfont-size:7px;\r\n\t\tline-height:7px;\r\n\t}\r\n}\r\n@media screen and (max-width: 320px){\r\n\t#advps_container1 h2.advs-title, #advps_container1 h2.advs-title a\r\n\t{\r\n\t\tfont-size:7px;\r\n\t\tline-height:7px;\r\n\t}\r\n\t#advps_container1 .advps-slide p\r\n\t{\r\n\t\tfont-size:6px;\r\n\t\tline-height:6px;\r\n\t}\r\n}\r\n<\/style>\r\n<script type=\"text\/javascript\">\r\n\t\tjQuery(document).ready(function($){\r\n\t\t\t$('#advpsslideshow_1').bxSlider({\r\n\t\t\t\tuseCSS:1,\r\n\t\t\t\tslideMargin: 0,\r\n\t\t\t\tspeed: 2000,\t\t\t\t\r\n\t\t\t\t\t\t\t\tmode: 'fade',\r\n\t\t\t\t\t\t\t\t\t\t\t\tauto: 1,\r\n\t\t\t\tautoHover: 1,\r\n\t\t\t\tpause: 8000,\r\n\t\t\t\teasing: 'linear',\r\n\t\t\t\tcontrols: 0,\r\n\t\t\t\tpager: 1,\r\n  \t\t\t\tautoControls: 1\t\t\t\t\t\t\t});\r\n\t\t\t\t\t\t\t$(\"#advpsslideshow_1 .advs-title a\").hover(function(){\r\n\t\t\t\t\t$(this).css('color','#ffffff');\r\n\t\t\t\t},function(){\r\n\t\t\t\t\t$(this).css('color','#FFFFFF');\r\n\t\t\t\t});\r\n\t\t\t\t\t\t$(\"#advpsslideshow_1 .advps-slide\").hover(function(){\r\n\t\t\t\t  \t\t\t},function(){\r\n\t\t\t\t\t\t\t});\r\n\t\t});\r\n\t<\/script>\r\n<div id=\"advps_container1\" class=\"advps-slide-container\" style=\"overflow:hidden;max-width:600px;\">\r\n \r\n  <div id=\"advpsslideshow_1\">\r\n        <div class=\"advps-slide\">\r\n\t<a target=\"_self\" href=\"https:\/\/bos-scheyern.de\/sz\/?p=3143\" >      <img loading=\"lazy\" decoding=\"async\" src=\"https:\/\/bos-scheyern.de\/sz\/wp-content\/uploads\/2024\/06\/image-800x350.png\" width=\"800\" height=\"350\" alt=\"Klassenlekt\u00fcre &#8211; mal anders?\" \/>      <\/a>       \r\n      <div class=\"advps-excerpt-one\" style=\"width:30%;height:100%;top:0; right:0;\">\r\n      \t<div class=\"advps-overlay-one\" style=\"background-color:#565656; -moz-opacity:0.6;filter:alpha(opacity=60);opacity:0.6;\"><\/div>\r\n        <div class=\"advps-excerpt-block-one\" style=\"text-align:right;color:#efefef;-moz-opacity:1;filter:alpha(opacity=100);opacity:1;\">        \r\n        <h2 class=\"advs-title\" style=\"margin:5px 0px 10px 0px;color:#FFFFFF\"><a target=\"_self\" href=\"https:\/\/bos-scheyern.de\/sz\/?p=3143\" style=\"margin:5px 0px 10px 0px;color:#FFFFFF\" >Klassenlekt\u00fcre &#8211; mal anders?<\/a><\/h2>\r\n          \r\n            <div class=\"mh-excerpt\"><p>von Kira G\u00fcll, FT11A Allein bei der \u00dcberschrift kann man schon schmunzeln, ich meine, wer liest denn schon gerne als Klassenlekt\u00fcre so Zeug wie Faust <a class=\"mh-excerpt-more\" href=\"https:\/\/bos-scheyern.de\/sz\/?p=3143\" title=\"Klassenlekt\u00fcre &#8211; mal anders?\">[&#8230;]<\/a><\/p>\n<\/div>        <\/div>\r\n      <\/div>\r\n    <\/div>\r\n        <div class=\"advps-slide\">\r\n\t<a target=\"_self\" href=\"https:\/\/bos-scheyern.de\/sz\/?p=3138\" >      <img loading=\"lazy\" decoding=\"async\" src=\"https:\/\/bos-scheyern.de\/sz\/wp-content\/uploads\/2024\/04\/Bild-1_Podiumsdiskussion-800x350.jpeg\" width=\"800\" height=\"350\" alt=\"Podiumsdiskussion Studium &#038; Beruf\" \/>      <\/a>       \r\n      <div class=\"advps-excerpt-one\" style=\"width:30%;height:100%;top:0; right:0;\">\r\n      \t<div class=\"advps-overlay-one\" style=\"background-color:#565656; -moz-opacity:0.6;filter:alpha(opacity=60);opacity:0.6;\"><\/div>\r\n        <div class=\"advps-excerpt-block-one\" style=\"text-align:right;color:#efefef;-moz-opacity:1;filter:alpha(opacity=100);opacity:1;\">        \r\n        <h2 class=\"advs-title\" style=\"margin:5px 0px 10px 0px;color:#FFFFFF\"><a target=\"_self\" href=\"https:\/\/bos-scheyern.de\/sz\/?p=3138\" style=\"margin:5px 0px 10px 0px;color:#FFFFFF\" >Podiumsdiskussion Studium &#038; Beruf<\/a><\/h2>\r\n          \r\n            <div class=\"mh-excerpt\"><p>Am Donnerstag, den 25.4.2024 fand die Podiumsdiskussion &#8222;Studium &amp; Beruf&#8220; statt, an der Sch\u00fclerinnen und Sch\u00fcler, Eltern und auch Lehrkr\u00e4fte teilnahmen. Die Veranstaltung er\u00f6ffnete viele <a class=\"mh-excerpt-more\" href=\"https:\/\/bos-scheyern.de\/sz\/?p=3138\" title=\"Podiumsdiskussion Studium &#038; Beruf\">[&#8230;]<\/a><\/p>\n<\/div>        <\/div>\r\n      <\/div>\r\n    <\/div>\r\n        <div class=\"advps-slide\">\r\n\t<a target=\"_self\" href=\"https:\/\/bos-scheyern.de\/sz\/?p=3134\" >      <img loading=\"lazy\" decoding=\"async\" src=\"https:\/\/bos-scheyern.de\/sz\/wp-content\/uploads\/2024\/04\/Buch_Bild-von-un-perfekt-auf-Pixabay-800x350.jpg\" width=\"800\" height=\"350\" alt=\"Buchtipp gef\u00e4llig?\" \/>      <\/a>       \r\n      <div class=\"advps-excerpt-one\" style=\"width:30%;height:100%;top:0; right:0;\">\r\n      \t<div class=\"advps-overlay-one\" style=\"background-color:#565656; -moz-opacity:0.6;filter:alpha(opacity=60);opacity:0.6;\"><\/div>\r\n        <div class=\"advps-excerpt-block-one\" style=\"text-align:right;color:#efefef;-moz-opacity:1;filter:alpha(opacity=100);opacity:1;\">        \r\n        <h2 class=\"advs-title\" style=\"margin:5px 0px 10px 0px;color:#FFFFFF\"><a target=\"_self\" href=\"https:\/\/bos-scheyern.de\/sz\/?p=3134\" style=\"margin:5px 0px 10px 0px;color:#FFFFFF\" >Buchtipp gef\u00e4llig?<\/a><\/h2>\r\n          \r\n            <div class=\"mh-excerpt\"><p>Tolle Lekt\u00fcretipps von unserer Redakteurin Nina Schmidl DU suchst schon l\u00e4nger ein neues Buch zum Lesen, wei\u00dft aber nicht welches? Dann bist du bei diesem <a class=\"mh-excerpt-more\" href=\"https:\/\/bos-scheyern.de\/sz\/?p=3134\" title=\"Buchtipp gef\u00e4llig?\">[&#8230;]<\/a><\/p>\n<\/div>        <\/div>\r\n      <\/div>\r\n    <\/div>\r\n        <div class=\"advps-slide\">\r\n\t<a target=\"_self\" href=\"https:\/\/bos-scheyern.de\/sz\/?p=3125\" >      <img loading=\"lazy\" decoding=\"async\" src=\"https:\/\/bos-scheyern.de\/sz\/wp-content\/uploads\/2024\/04\/Wappen_Projekt-6-800x350.png\" width=\"800\" height=\"350\" alt=\"Geschichte mal anders\" \/>      <\/a>       \r\n      <div class=\"advps-excerpt-one\" style=\"width:30%;height:100%;top:0; right:0;\">\r\n      \t<div class=\"advps-overlay-one\" style=\"background-color:#565656; -moz-opacity:0.6;filter:alpha(opacity=60);opacity:0.6;\"><\/div>\r\n        <div class=\"advps-excerpt-block-one\" style=\"text-align:right;color:#efefef;-moz-opacity:1;filter:alpha(opacity=100);opacity:1;\">        \r\n        <h2 class=\"advs-title\" style=\"margin:5px 0px 10px 0px;color:#FFFFFF\"><a target=\"_self\" href=\"https:\/\/bos-scheyern.de\/sz\/?p=3125\" style=\"margin:5px 0px 10px 0px;color:#FFFFFF\" >Geschichte mal anders<\/a><\/h2>\r\n          \r\n            <div class=\"mh-excerpt\"><p>Ein &#8211; im wahrsten Sinne des Wortes &#8211; ausgezeichnetes Projekt von und mit der letztj\u00e4hrigen B-W12B und ihrer Lehrerin Patrizia Thalmeier 3. Juli 2023: Die <a class=\"mh-excerpt-more\" href=\"https:\/\/bos-scheyern.de\/sz\/?p=3125\" title=\"Geschichte mal anders\">[&#8230;]<\/a><\/p>\n<\/div>        <\/div>\r\n      <\/div>\r\n    <\/div>\r\n        <div class=\"advps-slide\">\r\n\t<a target=\"_self\" href=\"https:\/\/bos-scheyern.de\/sz\/?p=3122\" >      <img loading=\"lazy\" decoding=\"async\" src=\"https:\/\/bos-scheyern.de\/sz\/wp-content\/uploads\/2022\/07\/Fragezeichen-Mann_Pixabay-800x350.jpg\" width=\"800\" height=\"350\" alt=\"Schule \u00e4ndere dich!\" \/>      <\/a>       \r\n      <div class=\"advps-excerpt-one\" style=\"width:30%;height:100%;top:0; right:0;\">\r\n      \t<div class=\"advps-overlay-one\" style=\"background-color:#565656; -moz-opacity:0.6;filter:alpha(opacity=60);opacity:0.6;\"><\/div>\r\n        <div class=\"advps-excerpt-block-one\" style=\"text-align:right;color:#efefef;-moz-opacity:1;filter:alpha(opacity=100);opacity:1;\">        \r\n        <h2 class=\"advs-title\" style=\"margin:5px 0px 10px 0px;color:#FFFFFF\"><a target=\"_self\" href=\"https:\/\/bos-scheyern.de\/sz\/?p=3122\" style=\"margin:5px 0px 10px 0px;color:#FFFFFF\" >Schule \u00e4ndere dich!<\/a><\/h2>\r\n          \r\n            <div class=\"mh-excerpt\"><p>Ein Kommentar von Gregor Weber Das deutsche Bildungssystem ist kacke! Ich entschuldige mich hier schon mal f\u00fcr die Wortwahl, aber das musste jetzt mal raus. <a class=\"mh-excerpt-more\" href=\"https:\/\/bos-scheyern.de\/sz\/?p=3122\" title=\"Schule \u00e4ndere dich!\">[&#8230;]<\/a><\/p>\n<\/div>        <\/div>\r\n      <\/div>\r\n    <\/div>\r\n        <div class=\"advps-slide\">\r\n\t<a target=\"_self\" href=\"https:\/\/bos-scheyern.de\/sz\/?p=3118\" >      <img loading=\"lazy\" decoding=\"async\" src=\"https:\/\/bos-scheyern.de\/sz\/wp-content\/uploads\/2023\/03\/Bild_Stift-800x350.jpg\" width=\"800\" height=\"350\" alt=\"Survival Guide f\u00fcr die Schule\" \/>      <\/a>       \r\n      <div class=\"advps-excerpt-one\" style=\"width:30%;height:100%;top:0; right:0;\">\r\n      \t<div class=\"advps-overlay-one\" style=\"background-color:#565656; -moz-opacity:0.6;filter:alpha(opacity=60);opacity:0.6;\"><\/div>\r\n        <div class=\"advps-excerpt-block-one\" style=\"text-align:right;color:#efefef;-moz-opacity:1;filter:alpha(opacity=100);opacity:1;\">        \r\n        <h2 class=\"advs-title\" style=\"margin:5px 0px 10px 0px;color:#FFFFFF\"><a target=\"_self\" href=\"https:\/\/bos-scheyern.de\/sz\/?p=3118\" style=\"margin:5px 0px 10px 0px;color:#FFFFFF\" >Survival Guide f\u00fcr die Schule<\/a><\/h2>\r\n          \r\n            <div class=\"mh-excerpt\"><p>Die Schule kann sehr herausfordernd sein. Ihr braucht Tipps, wie ihr den Alltag besser \u00fcberstehen k\u00f6nnt? Auch wenn die H\u00e4lfte des Schuljahres bereites vorbei ist, <a class=\"mh-excerpt-more\" href=\"https:\/\/bos-scheyern.de\/sz\/?p=3118\" title=\"Survival Guide f\u00fcr die Schule\">[&#8230;]<\/a><\/p>\n<\/div>        <\/div>\r\n      <\/div>\r\n    <\/div>\r\n      <\/div>\r\n  <\/div><!-- end advps-slide-container -->\r\n<!-- \/ Advanced post slider a multipurpose responsive slideshow plugin -->\r\n\n","protected":false},"excerpt":{"rendered":"<div class=\"mh-excerpt\"><\/div>","protected":false},"author":1,"featured_media":0,"parent":0,"menu_order":0,"comment_status":"closed","ping_status":"closed","template":"homepage.php","meta":{"footnotes":""},"_links":{"self":[{"href":"https:\/\/bos-scheyern.de\/sz\/index.php?rest_route=\/wp\/v2\/pages\/1867"}],"collection":[{"href":"https:\/\/bos-scheyern.de\/sz\/index.php?rest_route=\/wp\/v2\/pages"}],"about":[{"href":"https:\/\/bos-scheyern.de\/sz\/index.php?rest_route=\/wp\/v2\/types\/page"}],"author":[{"embeddable":true,"href":"https:\/\/bos-scheyern.de\/sz\/index.php?rest_route=\/wp\/v2\/users\/1"}],"replies":[{"embeddable":true,"href":"https:\/\/bos-scheyern.de\/sz\/index.php?rest_route=%2Fwp%2Fv2%2Fcomments&post=1867"}],"version-history":[{"count":5,"href":"https:\/\/bos-scheyern.de\/sz\/index.php?rest_route=\/wp\/v2\/pages\/1867\/revisions"}],"predecessor-version":[{"id":2984,"href":"https:\/\/bos-scheyern.de\/sz\/index.php?rest_route=\/wp\/v2\/pages\/1867\/revisions\/2984"}],"wp:attachment":[{"href":"https:\/\/bos-scheyern.de\/sz\/index.php?rest_route=%2Fwp%2Fv2%2Fmedia&parent=1867"}],"curies":[{"name":"wp","href":"https:\/\/api.w.org\/{rel}","templated":true}]}}